{"id":2063,"date":"2025-03-06T00:06:28","date_gmt":"2025-03-05T23:06:28","guid":{"rendered":"https:\/\/europus-media.com\/?page_id=2063"},"modified":"2025-07-20T21:50:39","modified_gmt":"2025-07-20T21:50:39","slug":"tudastar","status":"publish","type":"page","link":"https:\/\/europus.hu\/en\/tudastar\/","title":{"rendered":"Tud\u00e1st\u00e1r"},"content":{"rendered":"<div class=\"wp-block-uagb-container uagb-block-cb6f3df6 alignfull uagb-is-root-container\">\n<p><\/p>\n<\/div>\n\n\n\n<p class=\"has-text-align-center has-ast-global-color-4-color has-ast-global-color-5-background-color has-text-color has-background has-link-color has-medium-font-size wp-elements-2182a96d2fae4d76459ca56aefb41f7a\">ALAPVET\u0150 TUD\u00c1SANYAG<\/p>\n\n\n\n<p class=\"has-text-align-center has-ast-global-color-4-color has-text-color has-link-color wp-elements-32c9f9d12b13cb089401840a15ec68bb\" style=\"padding-top:0;padding-right:0;padding-bottom:0;padding-left:0\">A b\u00e1jt t\u00f6bbsz\u00f6r\u00f6sei<\/p>\n\n\n\n<p class=\"has-text-align-center has-ast-global-color-4-color has-text-color has-link-color wp-elements-fac3a8254da3c1d3b1fe722a6b600a61\">A hall\u00e1s kritikus s\u00e1vjai<\/p>\n\n\n\n<p class=\"has-text-align-center has-ast-global-color-4-color has-text-color has-link-color wp-elements-d6073d961535e08a58f1e156c65e0fc6\">A hang terjed\u00e9si sebess\u00e9ge<\/p>\n\n\n\n<p class=\"has-text-align-center has-ast-global-color-4-color has-text-color has-link-color wp-elements-f15c32a6ee26c1fd03f3ca96a257db5f\">A k\u00e1rosod\u00e1s n\u00e9lk\u00fcl elviselhet\u0151 hangnyom\u00e1s\u00e9rt\u00e9kek<\/p>\n\n\n\n<p class=\"has-text-align-center has-ast-global-color-4-color has-text-color has-link-color wp-elements-cbec28291e69abe93517aae4eebbdf63\">A kritikus s\u00e1vok frekvenci\u00e1i<\/p>\n\n\n\n<p class=\"has-text-align-center has-ast-global-color-4-color has-text-color has-link-color wp-elements-2826bccd7b07061a83f5c55cfb0fd71e\">A MIDI hangjegyek frekvenci\u00e1i<\/p>\n\n\n\n<p class=\"has-text-align-center has-ast-global-color-4-color has-text-color has-link-color wp-elements-d9a30581796f3b3ffaf84fa2b2f65885\">A szimfonikus zenekari partit\u00fara sorai<\/p>\n\n\n\n<p class=\"has-text-align-center has-ast-global-color-4-color has-text-color has-link-color wp-elements-5bedec893ab723e6bfee70c5037c40bb\">Az egyenletesen temper\u00e1lt hangsor hangjainak alapfrekvenci\u00e1i (a1&nbsp;= 440 Hz)<\/p>\n\n\n\n<p class=\"has-text-align-center has-ast-global-color-4-color has-text-color has-link-color wp-elements-22b9c8fe0ef6c58bd8c7c754f2427d47\">Az MTVA technikai k\u00f6vetelm\u00e9nyei<\/p>\n\n\n\n<p class=\"has-text-align-center has-ast-global-color-4-color has-text-color has-link-color wp-elements-e34cfadfc25f617ca7e10f472eac858e\">DB25 csatlakoz\u00f3k bek\u00f6t\u00e9se csatorn\u00e1k szerint<\/p>\n\n\n\n<p class=\"has-text-align-center has-ast-global-color-4-color has-text-color has-link-color wp-elements-91df95f820ce70da46f595cdc67a0cda\">DB25 csatlakoz\u00f3k bek\u00f6t\u00e9se \u00e9rintkez\u0151k szerint<\/p>\n\n\n\n<p class=\"has-text-align-center has-ast-global-color-4-color has-text-color has-link-color wp-elements-df4a39bde5d2b89c352b1100179193b1\">DB25 csatlakoz\u00f3k bek\u00f6t\u00e9se k\u00e1belv\u00e9gek szerint<\/p>\n\n\n\n<p class=\"has-text-align-center has-ast-global-color-4-color has-text-color has-link-color wp-elements-f8885c78bb5b7eecd7d3882cf56dabfe\">Digit\u00e1lis hangfelv\u00e9telek HDD helyig\u00e9nye<\/p>\n\n\n\n<p class=\"has-text-align-center has-ast-global-color-4-color has-text-color has-link-color wp-elements-1042b6e6d1b38b14aaa42a40fdf40370\">\u00c9nekes hangfajok hangterjedelme<\/p>\n\n\n\n<p class=\"has-text-align-center has-ast-global-color-4-color has-text-color has-link-color wp-elements-359d1677af24499f1e0f097f1e2b94aa\">General MIDI hangszerek<\/p>\n\n\n\n<p class=\"has-text-align-center has-ast-global-color-4-color has-text-color has-link-color wp-elements-58be5073805a63ae5a19943acab76b19\">Hangszerek elnevez\u00e9se 6 nyelven<\/p>\n\n\n\n<p class=\"has-text-align-center has-ast-global-color-4-color has-text-color has-link-color wp-elements-fb976f1e98679d89d49401c20ab92c72\">Hangszerek hangterjedelme<\/p>\n\n\n\n<p class=\"has-text-align-center has-ast-global-color-4-color has-text-color has-link-color wp-elements-b2bedfc2dc0262e442c0625b74ee6e98\">K\u00fcl\u00f6nf\u00e9le nyom\u00e1segys\u00e9gek \u00e1tsz\u00e1mit\u00e1si t\u00e1bl\u00e1zata<\/p>\n\n\n\n<p class=\"has-text-align-center has-ast-global-color-4-color has-text-color has-link-color wp-elements-6238ac610480cc0f8748f8ddc5460242\">Millim\u00e9ter \u00e1tsz\u00e1m\u00edt\u00e1sa inch-re, coll-ra<\/p>\n\n\n\n<p class=\"has-text-align-center has-ast-global-color-4-color has-text-color has-link-color wp-elements-0929b26c82c73be7bfa991227d481817\">Perif\u00e9ria csatol\u00f3k adatai<\/p>\n\n\n\n<p class=\"has-text-align-center has-ast-global-color-4-color has-text-color has-link-color wp-elements-93be2437832d8791e133b6364639d89e\">Phon-son \u00e1tsz\u00e1m\u00edt\u00e1s<\/p>\n\n\n\n<p class=\"has-text-align-center has-ast-global-color-4-color has-text-color has-link-color wp-elements-b5b997c378ded8b3217da19e188cc867\">S\u00falyoz\u00f3 g\u00f6rb\u00e9k<\/p>\n\n\n\n<p class=\"has-text-align-center has-ast-global-color-4-color has-text-color has-link-color wp-elements-5b8c4447237dc8237c3437e7a525665e\">S\u00falyoz\u00f3 g\u00f6rb\u00e9k pontos \u00e9rt\u00e9kei<\/p>\n\n\n\n<p class=\"has-text-align-center has-ast-global-color-4-color has-text-color has-link-color wp-elements-0dbaae975e2460a12b54e0b3b9bcd1c8\">Tercs\u00e1vok \u00e9s okt\u00e1vs\u00e1vok szabv\u00e1nyos \u00e9rt\u00e9kei<\/p>\n\n\n\n<p class=\"has-text-align-center has-ast-global-color-4-color has-text-color has-link-color wp-elements-26aa7b7600ad9ec3357da8f659fe08bf\">Zenei okt\u00e1vok elnevez\u00e9se<\/p>\n\n\n\n<p class=\"has-text-align-center has-ast-global-color-4-color has-text-color has-link-color wp-elements-94b0791bbd1b3e5237c4e9777846b906\">Zenei temp\u00f3jelz\u00e9sek<\/p>\n\n\n\n<div class=\"wp-block-buttons is-content-justification-center is-layout-flex wp-container-core-buttons-is-layout-caf8aa2e wp-block-buttons-is-layout-flex\" style=\"border-radius:0px;margin-top:0;margin-bottom:0\">\n<div class=\"wp-block-button\"><a class=\"wp-block-button__link has-text-align-center wp-element-button\" href=\"https:\/\/europus.hu\/en\/alapveto-tudasanyag\/\">Megtekinthet\u0151\/Let\u00f6lthet\u0151 anyagok&#8230;<\/a><\/div>\n<\/div>\n\n\n\n<div style=\"height:71px\" aria-hidden=\"true\" class=\"wp-block-spacer\"><\/div>\n\n\n\n<p class=\"has-text-align-center has-ast-global-color-4-color has-ast-global-color-5-background-color has-text-color has-background has-link-color has-medium-font-size wp-elements-2d3621598a0a4ff01ada3c7d64a3a2fc\">HASZN\u00c1LATI UTAS\u00cdT\u00c1SOK<\/p>\n\n\n\n<div class=\"wp-block-uagb-container uag-blocks-common-selector uagb-block-3b3c604a alignfull uagb-is-root-container\"><div class=\"uagb-container-inner-blocks-wrap\">\n<p class=\"has-text-align-center has-ast-global-color-4-color has-text-color has-link-color wp-elements-f9aa2424636278416a24e3fb15fdbbce\">SUZUKI HP-97 Digital Upright Piano magyar<\/p>\n\n\n\n<p class=\"has-text-align-center has-ast-global-color-4-color has-text-color has-link-color wp-elements-f2acbdaa690d9650f72ce4501af39d00\">Yamaha CLP 220 magyar<\/p>\n\n\n\n<p class=\"has-text-align-center has-ast-global-color-4-color has-text-color has-link-color wp-elements-2d31af3cb1270f49da00013c9afc23fc\">Yamaha CLP-280, CLP-270 magyar<\/p>\n\n\n\n<p class=\"has-text-align-center has-ast-global-color-4-color has-text-color has-link-color wp-elements-1f9743e146763d601ca8c7423a65e1f7\">Yamaha DGX205, DGX203, PSR295, PSR293 magyar<\/p>\n\n\n\n<p class=\"has-text-align-center has-ast-global-color-4-color has-text-color has-link-color wp-elements-e0b2c0220d9eace675cce9dbffd329b0\">Yamaha DGX505, DGX305 magyar<\/p>\n\n\n\n<p class=\"has-text-align-center has-ast-global-color-4-color has-text-color has-link-color wp-elements-73dcc81ac1de04b9c21646c1c8d40895\">Yamaha EZ-AG magyar<\/p>\n\n\n\n<p class=\"has-text-align-center has-ast-global-color-4-color has-text-color has-link-color wp-elements-6c6f1629f0c6843f2476916e6f120131\">Yamaha P 140<\/p>\n\n\n\n<p class=\"has-text-align-center has-ast-global-color-4-color has-text-color has-link-color wp-elements-4555168c1bd3a3214cc823f75ee2da5b\">Yamaha P70 magyar<\/p>\n\n\n\n<p class=\"has-text-align-center has-ast-global-color-4-color has-text-color has-link-color wp-elements-c3a2066f44ca4c407f50467b8ea90523\">Yamaha PSR175, PSR172 magyar<\/p>\n\n\n\n<p class=\"has-text-align-center has-ast-global-color-4-color has-text-color has-link-color wp-elements-f681e18f1e79984e48e10703cb00e1f8\">Yamaha PSR450 magyar<\/p>\n\n\n\n<p class=\"has-text-align-center has-ast-global-color-4-color has-text-color has-link-color wp-elements-fd48bbe06c229d9bf1fd222667cbebda\">Yamaha PSR3000, PSR1500 magyar<\/p>\n\n\n\n<p class=\"has-text-align-center has-ast-global-color-4-color has-text-color has-link-color wp-elements-3c00b536c5975d238500f0b9597ab481\">YamahaTyros2 magyar<\/p>\n<\/div><\/div>\n\n\n\n<div class=\"wp-block-buttons has-custom-font-size has-small-font-size is-horizontal is-content-justification-center is-layout-flex wp-container-core-buttons-is-layout-6bd4d9d1 wp-block-buttons-is-layout-flex\">\n<div class=\"wp-block-button is-style-fill\"><a class=\"wp-block-button__link wp-element-button\" href=\"https:\/\/europus.hu\/en\/hasznalati-utmutatok\/\">Megtekinthet\u0151\/let\u00f6lthet\u0151 anyagok<\/a><\/div>\n<\/div>\n\n\n\n<p><\/p>","protected":false},"excerpt":{"rendered":"<p>ALAPVET\u0150 TUD\u00c1SANYAG A b\u00e1jt t\u00f6bbsz\u00f6r\u00f6sei A hall\u00e1s kritikus s\u00e1vjai A hang terjed\u00e9si sebess\u00e9ge A k\u00e1rosod\u00e1s n\u00e9lk\u00fcl elviselhet\u0151 hangnyom\u00e1s\u00e9rt\u00e9kek A kritikus s\u00e1vok frekvenci\u00e1i A MIDI hangjegyek frekvenci\u00e1i A szimfonikus zenekari partit\u00fara sorai Az egyenletesen temper\u00e1lt hangsor hangjainak alapfrekvenci\u00e1i (a1&nbsp;= 440 Hz) Az MTVA technikai k\u00f6vetelm\u00e9nyei DB25 csatlakoz\u00f3k bek\u00f6t\u00e9se csatorn\u00e1k szerint DB25 csatlakoz\u00f3k bek\u00f6t\u00e9se \u00e9rintkez\u0151k szerint DB25 [&hellip;]<\/p>","protected":false},"author":2,"featured_media":0,"parent":0,"menu_order":0,"comment_status":"closed","ping_status":"closed","template":"","meta":{"_uag_custom_page_level_css":"","site-sidebar-layout":"no-sidebar","site-content-layout":"page-builder","ast-site-content-layout":"full-width-container","site-content-style":"unboxed","site-sidebar-style":"unboxed","ast-global-header-display":"","ast-banner-title-visibility":"","ast-main-header-display":"","ast-hfb-above-header-display":"","ast-hfb-below-header-display":"","ast-hfb-mobile-header-display":"","site-post-title":"disabled","ast-breadcrumbs-content":"","ast-featured-img":"disabled","footer-sml-layout":"","theme-transparent-header-meta":"enabled","adv-header-id-meta":"","stick-header-meta":"","header-above-stick-meta":"","header-main-stick-meta":"","header-below-stick-meta":"","astra-migrate-meta-layouts":"set","ast-page-background-enabled":"default","ast-page-background-meta":{"desktop":{"background-color":"","background-image":"","background-repeat":"repeat","background-position":"center center","background-size":"auto","background-attachment":"scroll","background-type":"","background-media":"","overlay-type":"","overlay-color":"","overlay-opacity":"","overlay-gradient":""},"tablet":{"background-color":"","background-image":"","background-repeat":"repeat","background-position":"center center","background-size":"auto","background-attachment":"scroll","background-type":"","background-media":"","overlay-type":"","overlay-color":"","overlay-opacity":"","overlay-gradient":""},"mobile":{"background-color":"","background-image":"","background-repeat":"repeat","background-position":"center center","background-size":"auto","background-attachment":"scroll","background-type":"","background-media":"","overlay-type":"","overlay-color":"","overlay-opacity":"","overlay-gradient":""}},"ast-content-background-meta":{"desktop":{"background-color":"var(--ast-global-color-5)","background-image":"","background-repeat":"repeat","background-position":"center center","background-size":"auto","background-attachment":"scroll","background-type":"","background-media":"","overlay-type":"","overlay-color":"","overlay-opacity":"","overlay-gradient":""},"tablet":{"background-color":"var(--ast-global-color-5)","background-image":"","background-repeat":"repeat","background-position":"center center","background-size":"auto","background-attachment":"scroll","background-type":"","background-media":"","overlay-type":"","overlay-color":"","overlay-opacity":"","overlay-gradient":""},"mobile":{"background-color":"var(--ast-global-color-5)","background-image":"","background-repeat":"repeat","background-position":"center center","background-size":"auto","background-attachment":"scroll","background-type":"","background-media":"","overlay-type":"","overlay-color":"","overlay-opacity":"","overlay-gradient":""}},"footnotes":""},"class_list":["post-2063","page","type-page","status-publish","hentry"],"uagb_featured_image_src":{"full":false,"thumbnail":false,"medium":false,"medium_large":false,"large":false,"1536x1536":false,"2048x2048":false,"trp-custom-language-flag":false},"uagb_author_info":{"display_name":"europu","author_link":"https:\/\/europus.hu\/en\/author\/europu\/"},"uagb_comment_info":0,"uagb_excerpt":"ALAPVET\u0150 TUD\u00c1SANYAG A b\u00e1jt t\u00f6bbsz\u00f6r\u00f6sei A hall\u00e1s kritikus s\u00e1vjai A hang terjed\u00e9si sebess\u00e9ge A k\u00e1rosod\u00e1s n\u00e9lk\u00fcl elviselhet\u0151 hangnyom\u00e1s\u00e9rt\u00e9kek A kritikus s\u00e1vok frekvenci\u00e1i A MIDI hangjegyek frekvenci\u00e1i A szimfonikus zenekari partit\u00fara sorai Az egyenletesen temper\u00e1lt hangsor hangjainak alapfrekvenci\u00e1i (a1&nbsp;= 440 Hz) Az MTVA technikai k\u00f6vetelm\u00e9nyei DB25 csatlakoz\u00f3k bek\u00f6t\u00e9se csatorn\u00e1k szerint DB25 csatlakoz\u00f3k bek\u00f6t\u00e9se \u00e9rintkez\u0151k szerint DB25&hellip;","_links":{"self":[{"href":"https:\/\/europus.hu\/en\/wp-json\/wp\/v2\/pages\/2063","targetHints":{"allow":["GET"]}}],"collection":[{"href":"https:\/\/europus.hu\/en\/wp-json\/wp\/v2\/pages"}],"about":[{"href":"https:\/\/europus.hu\/en\/wp-json\/wp\/v2\/types\/page"}],"author":[{"embeddable":true,"href":"https:\/\/europus.hu\/en\/wp-json\/wp\/v2\/users\/2"}],"replies":[{"embeddable":true,"href":"https:\/\/europus.hu\/en\/wp-json\/wp\/v2\/comments?post=2063"}],"version-history":[{"count":68,"href":"https:\/\/europus.hu\/en\/wp-json\/wp\/v2\/pages\/2063\/revisions"}],"predecessor-version":[{"id":3683,"href":"https:\/\/europus.hu\/en\/wp-json\/wp\/v2\/pages\/2063\/revisions\/3683"}],"wp:attachment":[{"href":"https:\/\/europus.hu\/en\/wp-json\/wp\/v2\/media?parent=2063"}],"curies":[{"name":"wp","href":"https:\/\/api.w.org\/{rel}","templated":true}]}}