{"id":2072,"date":"2025-03-06T00:12:52","date_gmt":"2025-03-05T23:12:52","guid":{"rendered":"https:\/\/europus-media.com\/?page_id=2072"},"modified":"2025-07-06T21:29:51","modified_gmt":"2025-07-06T21:29:51","slug":"referenciak","status":"publish","type":"page","link":"https:\/\/europus.hu\/en\/referenciak\/","title":{"rendered":"Referenci\u00e1k"},"content":{"rendered":"<div class=\"wp-block-uagb-container uagb-block-cb6f3df6 alignfull uagb-is-root-container\">\n<p><\/p>\n<\/div>\n\n\n<style>.siteseo-breadcrumbs{display:flex;list-style-type:none;margin:0;padding:0}.siteseo-breadcrumbs-seperator{margin:0 5px;padding:0}<\/style><div class=\"siteseo-breadcrumbs-wrap\">\n\t\t<ul class=\"siteseo-breadcrumbs\"><li><a href=\"https:\/\/europus.hu\/en\/\" title=\"Home\">Home<\/a><\/li><\/ul><\/div>\n\n\n\n<div class=\"wp-block-uagb-container uag-blocks-common-selector uagb-block-1756e0cc alignfull uagb-is-root-container\"><div class=\"uagb-container-inner-blocks-wrap\">\n<div class=\"wp-block-uagb-info-box uagb-block-7d34615f uagb-infobox__content-wrap  uagb-infobox-icon-above-title uagb-infobox-image-valign-top wp-block-uagb-info-box--has-margin\"><div class=\"uagb-infobox-margin-wrapper\"><div class=\"uagb-ifb-content\"><div class=\"uagb-ifb-title-wrap\"><h6 class=\"uagb-ifb-title-prefix\">Referenci\u00e1k<\/h6><h2 class=\"uagb-ifb-title\">Az elm\u00falt \u00e9vtizedek alatt sz\u00e1mos sikeres egy\u00fcttm\u0171k\u00f6d\u00e9sben volt r\u00e9sz\u00fcnk<\/h2><\/div><div class=\"uagb-ifb-separator\"><\/div><\/div><\/div><\/div>\n\n\n\n<div class=\"wp-block-uagb-advanced-heading uagb-block-952d2b1b\"><\/div>\n\n\n\n<div class=\"wp-block-uagb-container uagb-block-0c938b0a\">\n<div class=\"wp-block-uagb-container uagb-block-ce6726a3\">\n<div class=\"wp-block-columns is-layout-flex wp-container-core-columns-is-layout-28f84493 wp-block-columns-is-layout-flex\">\n<div class=\"wp-block-column is-layout-flow wp-block-column-is-layout-flow\">\n<p class=\"has-text-align-center has-ast-global-color-5-background-color has-background\"><strong>AKUSZTIKA<\/strong><\/p>\n\n\n\n<ul class=\"wp-block-list\">\n<li>Adventista R\u00e1di\u00f3<\/li>\n\n\n\n<li>HBO St\u00fadi\u00f3k<\/li>\n\n\n\n<li>K\u00e1poszt\u00e1smegyeri Katolikus templom<\/li>\n\n\n\n<li>Ghandi Gimn\u00e1zium St\u00fadi\u00f3<\/li>\n\n\n\n<li>K\u00e1roli G\u00e1sp\u00e1r Reform\u00e1tus Egyetem St\u00fadi\u00f3k<\/li>\n\n\n\n<li>Echo TV<\/li>\n\n\n\n<li>Cegl\u00e9d Kossuth M\u0171vel\u0151d\u00e9si H\u00e1z<\/li>\n\n\n\n<li>Bridgestone hangszigetel\u00e9s<\/li>\n\n\n\n<li>Kelebia Sportcentrum<\/li>\n\n\n\n<li>Feh\u00e9r Gy\u00f6ngy Fog\u00e1szati Mag\u00e1nrendel\u0151<\/li>\n\n\n\n<li>R\u00f6kk Szil\u00e1rd utcai t\u00e1nccentrum<\/li>\n\n\n\n<li>M\u0171v\u00e9szetek Palot\u00e1ja<\/li>\n\n\n\n<li>Hang \u00e9s T\u0171z Kft, T\u00f6r\u00f6kb\u00e1lint<\/li>\n<\/ul>\n<\/div>\n\n\n\n<div class=\"wp-block-column is-layout-flow wp-block-column-is-layout-flow\">\n<p class=\"has-text-align-center has-ast-global-color-5-background-color has-background\"><strong>AKUSZTIKAI, ELEKTROAKUSZTIKAI M\u00c9R\u00c9SEK<\/strong><\/p>\n\n\n\n<ul class=\"wp-block-list\">\n<li>Balassagyarmati Club Eden<\/li>\n\n\n\n<li>Budai Diagnosztikai K\u00f6zpont<\/li>\n\n\n\n<li>Hang \u00e9s T\u0171z Kft, Buda\u00f6rsi falm\u00e9r\u00e9s<\/li>\n\n\n\n<li>Felcs\u00fat, Pusk\u00e1s Akad\u00e9mia vide\u00f3 szoba<\/li>\n\n\n\n<li>Miskolc DVTK Stadion<\/li>\n\n\n\n<li>Nagykov\u00e1csi Teleki-Tisza-kast\u00e9ly<\/li>\n\n\n\n<li>Magyar \u00c1llami Operah\u00e1z pr\u00f3batermek<\/li>\n\n\n\n<li>R\u00f6kk Szil\u00e1rd utcai t\u00e1nccentrum<\/li>\n\n\n\n<li>Popori Acoustics elektrosztatikus hangsug\u00e1rz\u00f3k<\/li>\n\n\n\n<li>Zenith Hotel \u00e1thall\u00e1sok<\/li>\n\n\n\n<li>M\u0171v\u00e9szetek Palot\u00e1ja<\/li>\n\n\n\n<li>Millen\u00e1ris Nemzeti T\u00e1ncsz\u00ednh\u00e1z<\/li>\n\n\n\n<li>RAM Colosseum<\/li>\n\n\n\n<li>SAPA zajv\u00e9d\u0151 fal Sz\u00e9kesfeh\u00e9rv\u00e1r Vasas T\u00e1ncterem<\/li>\n<\/ul>\n<\/div>\n\n\n\n<div class=\"wp-block-column is-layout-flow wp-block-column-is-layout-flow\">\n<p class=\"has-text-align-center has-ast-global-color-5-background-color has-background\"><strong>LAKOSS\u00c1GI ZAJCS\u00d6KKENT\u00c9S<\/strong><\/p>\n\n\n\n<ul class=\"wp-block-list\">\n<li>Dunaharaszti sorh\u00e1z<\/li>\n\n\n\n<li>Dar\u00f3ci utcai pr\u00f3baterem<\/li>\n\n\n\n<li>Jaczk\u00f3 H\u00e1z<\/li>\n\n\n\n<li>T\u00e1rnok, ikerh\u00e1z<\/li>\n\n\n\n<li>\u00d3csa, hangst\u00fadi\u00f3<\/li>\n<\/ul>\n<\/div>\n<\/div>\n\n\n\n<div style=\"height:24px\" aria-hidden=\"true\" class=\"wp-block-spacer\"><\/div>\n\n\n\n<p class=\"has-text-align-center has-ast-global-color-5-background-color has-background\" style=\"padding-top:var(--wp--preset--spacing--50);padding-bottom:var(--wp--preset--spacing--50);font-size:16px\"><strong>ELEKTROAKUSZTIKA<\/strong><\/p>\n<\/div>\n\n\n\n<div class=\"wp-block-columns is-layout-flex wp-container-core-columns-is-layout-28f84493 wp-block-columns-is-layout-flex\">\n<div class=\"wp-block-column is-layout-flow wp-block-column-is-layout-flow\" style=\"padding-right:var(--wp--preset--spacing--30);padding-left:var(--wp--preset--spacing--30);flex-basis:33.34%\">\n<ul class=\"wp-block-list\">\n<li>Parlament Fels\u0151h\u00e1zi terem<\/li>\n\n\n\n<li>Parlament Als\u00f3h\u00e1zi terem<\/li>\n\n\n\n<li>Minisztereln\u00f6ki Hivatal Sajt\u00f3terem<\/li>\n\n\n\n<li>B\u00e1rka Sz\u00ednh\u00e1z<\/li>\n\n\n\n<li>Mad\u00e1ch Sz\u00ednh\u00e1z<\/li>\n\n\n\n<li>F\u0151v\u00e1rosi Operettsz\u00ednh\u00e1z<\/li>\n\n\n\n<li>Roma R\u00e1di\u00f3<\/li>\n\n\n\n<li>Eur\u00f3pa R\u00e1di\u00f3<\/li>\n\n\n\n<li>Radio C<br><\/li>\n<\/ul>\n<\/div>\n\n\n\n<div class=\"wp-block-column is-vertically-aligned-center is-layout-flow wp-block-column-is-layout-flow\" style=\"padding-top:0;padding-right:var(--wp--preset--spacing--40);padding-bottom:0;padding-left:var(--wp--preset--spacing--40);flex-basis:33.33%\">\n<ul class=\"wp-block-list\">\n<li>Start R\u00e1di\u00f3<\/li>\n\n\n\n<li>Kaposv\u00e1ri Sz\u00e9kesegyh\u00e1z<\/li>\n\n\n\n<li>Egri Minorita templom<\/li>\n\n\n\n<li>Kolozsv\u00e1ri k\u00e9ttorny\u00fa reform\u00e1tus templom<\/li>\n\n\n\n<li>Ny\u00edregyh\u00e1zi p\u00e1lyaudvar<\/li>\n\n\n\n<li>Szombathelyi p\u00e1lyaudvar<\/li>\n\n\n\n<li>Hatvani p\u00e1lyaudvar<\/li>\n\n\n\n<li>Szegedi p\u00e1lyaudvar<\/li>\n\n\n\n<li>Mez\u0151gazdas\u00e1gi M\u00fazeum Aula<br><br><br><br><br><\/li>\n<\/ul>\n<\/div>\n\n\n\n<div class=\"wp-block-column is-layout-flow wp-block-column-is-layout-flow\" style=\"padding-right:var(--wp--preset--spacing--30);padding-left:var(--wp--preset--spacing--30);flex-basis:33.33%\">\n<ul class=\"wp-block-list\">\n<li>Radio Interroksz (Moszkva)<\/li>\n\n\n\n<li>VI. ker\u00fclet E\u00f6tv\u00f6s utca 10. K\u00f6z\u00f6ss\u00e9gi \u00e9s Kultur\u00e1lis Sz\u00ednt\u00e9r<\/li>\n\n\n\n<li>Esztergomi Ny\u00e1r 2010<\/li>\n\n\n\n<li>Diva Art Festival \u2013 Feudenau Galopprennbahn<\/li>\n\n\n\n<li>Magyar K\u00e9pz\u0151m\u0171v\u00e9szeti Egyetem<\/li>\n\n\n\n<li>MTV digit\u00e1lis \u00e1t\u00e1ll\u00e1s<\/li>\n\n\n\n<li>M\u0171v\u00e9szetek Palot\u00e1ja<\/li>\n\n\n\n<li>Ny\u00edrgyh\u00e1zi Szabadt\u00e9ri Sz\u00ednpad<\/li>\n\n\n\n<li>Ver\u0151ce, reform\u00e1tus templom<\/li>\n<\/ul>\n<\/div>\n<\/div>\n\n\n\n<div class=\"wp-block-columns is-layout-flex wp-container-core-columns-is-layout-28f84493 wp-block-columns-is-layout-flex\">\n<div class=\"wp-block-column is-layout-flow wp-block-column-is-layout-flow\">\n<p class=\"has-text-align-center has-ast-global-color-5-background-color has-background\"><strong><strong>SZTERE\u00d3 AUDIOFIL LP<\/strong><\/strong><\/p>\n\n\n\n<ul class=\"wp-block-list\">\n<li>Ritual of a Spiritual Communion \u2013 SzaMaBa 1988<\/li>\n\n\n\n<li>The Clear Perception of Provenance Within&nbsp; &#8211; Gilbert Isbin, SzaMaBa 1988<\/li>\n\n\n\n<li>Egy\/One \u2013 Babin\u00e1k-Juh\u00e1sz-Papesch-Pettik 2024<\/li>\n<\/ul>\n<\/div>\n\n\n\n<div class=\"wp-block-column is-layout-flow wp-block-column-is-layout-flow\">\n<p class=\"has-text-align-center has-ast-global-color-5-background-color has-background\"><strong>SZTERE\u00d3 AUDIOFIL CD<\/strong><\/p>\n\n\n\n<ul class=\"wp-block-list\">\n<li>Sanctified Land \u2013 SzaMaBa 1991<\/li>\n\n\n\n<li>Hypnos \u2013 SzaMaBa 1993<\/li>\n\n\n\n<li>Anima \u2013 SzaMaBa 1995<\/li>\n\n\n\n<li>Hat\u00e1rok k\u00f6z\u00f6tti v\u00e9gtelen \u2013 Major Bal\u00e1zs 1996<\/li>\n\n\n\n<li>All the Ages \u2013 Singing Through 1996<\/li>\n\n\n\n<li>Eclipse \u2013 Lantos Zolt\u00e1n 1996<\/li>\n\n\n\n<li>Bety\u00e1rsors \u2013 Major Bal\u00e1zs 1997<\/li>\n\n\n\n<li>J.S. Bach csemball\u00f3versenyei \u00e9s fiainak szimf\u00f3ni\u00e1i 1999<\/li>\n\n\n\n<li>Excanto \u2013 A Renesz\u00e1nszt\u00f3l napjainkig 2002<\/li>\n\n\n\n<li>Fifty-fifty, Joe Mur\u00e1nyi and the Jazz Steps Band 2003<\/li>\n\n\n\n<li>Miskolci Szimfonikus Zenekar \u2013 Jubileum 2003<\/li>\n\n\n\n<li>\u00d6r\u00f6mkoncert \u2013 4000 hang \u00e9s 250 hangszer 2003<\/li>\n\n\n\n<li>Eric Satie \u2013 Compositeur de Musique 2003<\/li>\n\n\n\n<li>J.S. Bach: Goldberg vai\u00e1ci\u00f3k \u2013 B\u00f3d\u00e1s Zsuzsa 2005<\/li>\n\n\n\n<li>BM Duna Szimfonikus Zenekar \u2013 Hangversenyek a Duna Palot\u00e1ban 2006<\/li>\n\n\n\n<li>Jeunesses Musicales \u2013 40e anniversaire 2006<\/li>\n\n\n\n<li>Excanto \u2013 V\u00e1logat\u00e1s a repert\u00e1rb\u00f3l 2008<\/li>\n\n\n\n<li>ELTE Zenei Tansz\u00e9k 25. \u2013 2009<\/li>\n\n\n\n<li>Sonus \u00fct\u0151egy\u00fcttes Debrecen \u2013 2012<\/li>\n\n\n\n<li>Vajda J\u00e1nos: Requiem 2014&nbsp;&nbsp;&nbsp;&nbsp;&nbsp;<\/li>\n\n\n\n<li>BM Duna Szimfonikus Zenekar \u2013 Kering\u0151k<\/li>\n\n\n\n<li>Waves of Time \u2013 M\u00e1rkus Tibor<\/li>\n<\/ul>\n<\/div>\n\n\n\n<div class=\"wp-block-column is-layout-flow wp-block-column-is-layout-flow\">\n<p class=\"has-text-align-center has-ast-global-color-5-background-color has-background\"><strong>KVADROFON AUDIOFIL<\/strong><\/p>\n\n\n\n<ul class=\"wp-block-list\">\n<li>Excanto \u2013 V\u00e1logat\u00e1s a repert\u00e1rb\u00f3l 2008<\/li>\n\n\n\n<li>Vajda J\u00e1nos: Requiem \u2013 Debrecen 2014<\/li>\n\n\n\n<li>Ortodox H\u00fasv\u00e9t \u2013 a k\u00f6rmenet<\/li>\n<\/ul>\n<\/div>\n<\/div>\n\n\n\n<div class=\"wp-block-uagb-container uagb-block-57c2efc6\">\n<p class=\"has-text-align-left\"><strong>A hangfelv\u00e9telek megrendelhet\u0151k wav form\u00e1tumban&nbsp;&nbsp; <a href=\"https:\/\/europus.hu\/en\/megrendeles\/\" data-type=\"link\" data-id=\"https:\/\/europus.hu\/megrendeles\/\">ITT<\/a>.<br><\/strong><\/p>\n\n\n\n<div class=\"wp-block-uagb-container uagb-block-40237b4d\"><\/div>\n<\/div>\n<\/div>\n<\/div><\/div>","protected":false},"excerpt":{"rendered":"<p>AKUSZTIKA AKUSZTIKAI, ELEKTROAKUSZTIKAI M\u00c9R\u00c9SEK LAKOSS\u00c1GI ZAJCS\u00d6KKENT\u00c9S ELEKTROAKUSZTIKA SZTERE\u00d3 AUDIOFIL LP SZTERE\u00d3 AUDIOFIL CD KVADROFON AUDIOFIL A hangfelv\u00e9telek megrendelhet\u0151k wav form\u00e1tumban&nbsp;&nbsp; ITT.<\/p>","protected":false},"author":2,"featured_media":0,"parent":0,"menu_order":0,"comment_status":"closed","ping_status":"closed","template":"","meta":{"_uag_custom_page_level_css":"","site-sidebar-layout":"no-sidebar","site-content-layout":"page-builder","ast-site-content-layout":"full-width-container","site-content-style":"unboxed","site-sidebar-style":"unboxed","ast-global-header-display":"","ast-banner-title-visibility":"","ast-main-header-display":"","ast-hfb-above-header-display":"","ast-hfb-below-header-display":"","ast-hfb-mobile-header-display":"","site-post-title":"disabled","ast-breadcrumbs-content":"","ast-featured-img":"disabled","footer-sml-layout":"","theme-transparent-header-meta":"enabled","adv-header-id-meta":"","stick-header-meta":"","header-above-stick-meta":"","header-main-stick-meta":"","header-below-stick-meta":"","astra-migrate-meta-layouts":"set","ast-page-background-enabled":"default","ast-page-background-meta":{"desktop":{"background-color":"","background-image":"","background-repeat":"repeat","background-position":"center center","background-size":"auto","background-attachment":"scroll","background-type":"","background-media":"","overlay-type":"","overlay-color":"","overlay-opacity":"","overlay-gradient":""},"tablet":{"background-color":"","background-image":"","background-repeat":"repeat","background-position":"center center","background-size":"auto","background-attachment":"scroll","background-type":"","background-media":"","overlay-type":"","overlay-color":"","overlay-opacity":"","overlay-gradient":""},"mobile":{"background-color":"","background-image":"","background-repeat":"repeat","background-position":"center center","background-size":"auto","background-attachment":"scroll","background-type":"","background-media":"","overlay-type":"","overlay-color":"","overlay-opacity":"","overlay-gradient":""}},"ast-content-background-meta":{"desktop":{"background-color":"var(--ast-global-color-5)","background-image":"","background-repeat":"repeat","background-position":"center center","background-size":"auto","background-attachment":"scroll","background-type":"","background-media":"","overlay-type":"","overlay-color":"","overlay-opacity":"","overlay-gradient":""},"tablet":{"background-color":"var(--ast-global-color-5)","background-image":"","background-repeat":"repeat","background-position":"center center","background-size":"auto","background-attachment":"scroll","background-type":"","background-media":"","overlay-type":"","overlay-color":"","overlay-opacity":"","overlay-gradient":""},"mobile":{"background-color":"var(--ast-global-color-5)","background-image":"","background-repeat":"repeat","background-position":"center center","background-size":"auto","background-attachment":"scroll","background-type":"","background-media":"","overlay-type":"","overlay-color":"","overlay-opacity":"","overlay-gradient":""}},"footnotes":""},"class_list":["post-2072","page","type-page","status-publish","hentry"],"uagb_featured_image_src":{"full":false,"thumbnail":false,"medium":false,"medium_large":false,"large":false,"1536x1536":false,"2048x2048":false,"trp-custom-language-flag":false},"uagb_author_info":{"display_name":"europu","author_link":"https:\/\/europus.hu\/en\/author\/europu\/"},"uagb_comment_info":0,"uagb_excerpt":"AKUSZTIKA AKUSZTIKAI, ELEKTROAKUSZTIKAI M\u00c9R\u00c9SEK LAKOSS\u00c1GI ZAJCS\u00d6KKENT\u00c9S ELEKTROAKUSZTIKA SZTERE\u00d3 AUDIOFIL LP SZTERE\u00d3 AUDIOFIL CD KVADROFON AUDIOFIL A hangfelv\u00e9telek megrendelhet\u0151k wav form\u00e1tumban&nbsp;&nbsp; ITT.","_links":{"self":[{"href":"https:\/\/europus.hu\/en\/wp-json\/wp\/v2\/pages\/2072","targetHints":{"allow":["GET"]}}],"collection":[{"href":"https:\/\/europus.hu\/en\/wp-json\/wp\/v2\/pages"}],"about":[{"href":"https:\/\/europus.hu\/en\/wp-json\/wp\/v2\/types\/page"}],"author":[{"embeddable":true,"href":"https:\/\/europus.hu\/en\/wp-json\/wp\/v2\/users\/2"}],"replies":[{"embeddable":true,"href":"https:\/\/europus.hu\/en\/wp-json\/wp\/v2\/comments?post=2072"}],"version-history":[{"count":35,"href":"https:\/\/europus.hu\/en\/wp-json\/wp\/v2\/pages\/2072\/revisions"}],"predecessor-version":[{"id":3559,"href":"https:\/\/europus.hu\/en\/wp-json\/wp\/v2\/pages\/2072\/revisions\/3559"}],"wp:attachment":[{"href":"https:\/\/europus.hu\/en\/wp-json\/wp\/v2\/media?parent=2072"}],"curies":[{"name":"wp","href":"https:\/\/api.w.org\/{rel}","templated":true}]}}