{"id":2391,"date":"2025-04-23T21:29:28","date_gmt":"2025-04-23T21:29:28","guid":{"rendered":"https:\/\/europus.hu\/?page_id=2391"},"modified":"2025-08-01T21:55:27","modified_gmt":"2025-08-01T21:55:27","slug":"hangszigeteles-akusztikai-tervezes","status":"publish","type":"page","link":"https:\/\/europus.hu\/en\/hangszigeteles-akusztikai-tervezes\/","title":{"rendered":"Hangszigetel\u00e9s, akusztikai tervez\u00e9s"},"content":{"rendered":"<style>.siteseo-breadcrumbs{display:flex;list-style-type:none;margin:0;padding:0}.siteseo-breadcrumbs-seperator{margin:0 5px;padding:0}<\/style><div class=\"siteseo-breadcrumbs-wrap\">\n\t\t<ul class=\"siteseo-breadcrumbs\"><li><a href=\"https:\/\/europus.hu\/en\/\" title=\"Home\">Home<\/a><\/li><\/ul><\/div>\n\n\n\n<div class=\"wp-block-uagb-container uag-blocks-common-selector uagb-block-1756e0cc alignfull uagb-is-root-container\"><div class=\"uagb-container-inner-blocks-wrap\">\n<div class=\"wp-block-uagb-info-box uagb-block-7d34615f uagb-infobox__content-wrap  uagb-infobox-icon-above-title uagb-infobox-image-valign-top\"><div class=\"uagb-ifb-content\"><div class=\"uagb-ifb-title-wrap\"><h6 class=\"uagb-ifb-title-prefix\">SZOLG\u00c1LTAT\u00c1SOK<\/h6><h2 class=\"uagb-ifb-title\">Hangszigetel\u00e9s, <strong>akusztikai tervez\u00e9s<\/strong><\/h2><\/div><div class=\"uagb-ifb-separator\"><\/div><\/div><\/div>\n\n\n\n<p class=\"has-text-align-center has-ast-global-color-8-color has-text-color has-link-color wp-elements-4e5349145e67be01949c917ac33b9c67\">Az akusztika min\u0151s\u00e9ge alapvet\u0151en meghat\u00e1rozza egy t\u00e9r funkcionalit\u00e1s\u00e1t \u00e9s haszn\u00e1lati \u00e9lm\u00e9ny\u00e9t, legyen sz\u00f3 irod\u00e1r\u00f3l, sz\u00ednh\u00e1zteremr\u0151l, \u00e9tteremr\u0151l vagy otthoni k\u00f6rnyezetr\u0151l. C\u00e9g\u00fcnk professzion\u00e1lis akusztikai tervez\u00e9si szolg\u00e1ltat\u00e1sokat k\u00edn\u00e1l, amelyek c\u00e9lja, hogy a t\u00e9r hangz\u00e1svil\u00e1ga optim\u00e1lisan szolg\u00e1lja az adott funkci\u00f3t.<\/p>\n\n\n\n<p class=\"has-ast-global-color-1-color has-text-color has-link-color wp-elements-f0f278c44761bf416f57e072d765da45\">Az akusztikai tervez\u00e9s sor\u00e1n figyelembe vessz\u00fck:<\/p>\n\n\n\n<ul class=\"wp-block-list has-ast-global-color-1-color has-text-color has-link-color wp-elements-714bf44e4ae2129e436fb8e475699f64\">\n<li class=\"has-ast-global-color-1-color has-text-color has-link-color wp-elements-2467297723bfc2789920aff92dace730\">a t\u00e9r m\u00e9ret\u00e9t \u00e9s form\u00e1j\u00e1t,<\/li>\n\n\n\n<li>a felhaszn\u00e1l\u00e1s c\u00e9lj\u00e1t (pl. besz\u00e9d\u00e9rthet\u0151s\u00e9g, zenehallgat\u00e1s, zajcs\u00f6kkent\u00e9s),<\/li>\n\n\n\n<li>a be\u00e9p\u00edtend\u0151 anyagok akusztikai tulajdons\u00e1gait,<\/li>\n\n\n\n<li>valamint a zajforr\u00e1sok \u00e9s hangvisszaver\u0151 fel\u00fcletek helyzet\u00e9t.<\/li>\n<\/ul>\n\n\n\n<p class=\"has-ast-global-color-1-color has-text-color has-link-color wp-elements-caca2908168934481bffd046acda34be\">Szolg\u00e1ltat\u00e1saink az al\u00e1bbiakat tartalmazz\u00e1k:<\/p>\n\n\n\n<ul class=\"wp-block-list has-ast-global-color-1-color has-text-color has-link-color wp-elements-34af7cc49ba8fa419f9e40340fb530ff\">\n<li>Akusztikai helysz\u00edni felm\u00e9r\u00e9s<\/li>\n\n\n\n<li>Hangtechnikai sz\u00e1m\u00edt\u00e1sok \u00e9s szimul\u00e1ci\u00f3k<\/li>\n\n\n\n<li>Egyedi akusztikai megold\u00e1sok tervez\u00e9se<\/li>\n\n\n\n<li>Anyag- \u00e9s szerkezetjavaslatok<\/li>\n\n\n\n<li>Kivitelez\u00e9si tan\u00e1csad\u00e1s \u00e9s projektk\u00f6vet\u00e9s<\/li>\n<\/ul>\n\n\n\n<p class=\"has-ast-global-color-1-color has-text-color has-link-color wp-elements-39ca206f0a68eccaacb2af8df84e315a\">Legyen sz\u00f3 \u00faj \u00e9p\u00edtkez\u00e9sr\u0151l vagy megl\u00e9v\u0151 t\u00e9r akusztikai optimaliz\u00e1l\u00e1s\u00e1r\u00f3l, szak\u00e9rt\u0151 csapatunk seg\u00edt megval\u00f3s\u00edtani az ide\u00e1lis hangz\u00e1st.<\/p>\n\n\n\n<p class=\"has-text-align-center has-ast-global-color-8-color has-text-color has-link-color wp-elements-615b8530ad0d464cedf5daf47a021393\"><strong>Keressen minket bizalommal, \u00e9s alak\u00edtsuk ki egy\u00fctt a t\u00f6k\u00e9letes akusztikai \u00e9lm\u00e9nyt!<\/strong><\/p>\n\n\n\n<p style=\"padding-right:var(--wp--preset--spacing--30);padding-left:var(--wp--preset--spacing--30)\"><strong><em>REFERENCI\u00c1INK:<\/em><\/strong><\/p>\n\n\n\n<ul class=\"wp-block-list\">\n<li>Adventista R\u00e1di\u00f3<\/li>\n\n\n\n<li>HBO St\u00fadi\u00f3k<\/li>\n\n\n\n<li>K\u00e1poszt\u00e1smegyeri Katolikus templom<\/li>\n\n\n\n<li>Ghandi Gimn\u00e1zium St\u00fadi\u00f3<\/li>\n\n\n\n<li>K\u00e1roli G\u00e1sp\u00e1r Reform\u00e1tus Egyetem St\u00fadi\u00f3k<\/li>\n\n\n\n<li>Echo TV<\/li>\n\n\n\n<li>Cegl\u00e9d Kossuth M\u0171vel\u0151d\u00e9si H\u00e1z<\/li>\n\n\n\n<li>Bridgestone hangszigetel\u00e9s<\/li>\n\n\n\n<li>Kelebia Sportcentrum<\/li>\n\n\n\n<li>Feh\u00e9r Gy\u00f6ngy Fog\u00e1szati Mag\u00e1nrendel\u0151<\/li>\n\n\n\n<li>R\u00f6kk Szil\u00e1rd utcai t\u00e1nccentrum<\/li>\n\n\n\n<li>M\u0171v\u00e9szetek Palot\u00e1ja<\/li>\n\n\n\n<li>Hang \u00e9s T\u0171z Kft, T\u00f6r\u00f6kb\u00e1lint<\/li>\n<\/ul>\n<\/div><\/div>\n\n\n\n<div class=\"wp-block-uagb-container uag-blocks-common-selector uagb-block-97762f89 alignfull uagb-is-root-container\"><div class=\"uagb-container-inner-blocks-wrap\">\n<div class=\"wp-block-columns is-layout-flex wp-container-core-columns-is-layout-28f84493 wp-block-columns-is-layout-flex\">\n<div class=\"wp-block-column is-layout-flow wp-block-column-is-layout-flow\" style=\"flex-basis:100%\"><\/div>\n<\/div>\n<\/div><\/div>","protected":false},"excerpt":{"rendered":"<p>Az akusztika min\u0151s\u00e9ge alapvet\u0151en meghat\u00e1rozza egy t\u00e9r funkcionalit\u00e1s\u00e1t \u00e9s haszn\u00e1lati \u00e9lm\u00e9ny\u00e9t, legyen sz\u00f3 irod\u00e1r\u00f3l, sz\u00ednh\u00e1zteremr\u0151l, \u00e9tteremr\u0151l vagy otthoni k\u00f6rnyezetr\u0151l. C\u00e9g\u00fcnk professzion\u00e1lis akusztikai tervez\u00e9si szolg\u00e1ltat\u00e1sokat k\u00edn\u00e1l, amelyek c\u00e9lja, hogy a t\u00e9r hangz\u00e1svil\u00e1ga optim\u00e1lisan szolg\u00e1lja az adott funkci\u00f3t. Az akusztikai tervez\u00e9s sor\u00e1n figyelembe vessz\u00fck: Szolg\u00e1ltat\u00e1saink az al\u00e1bbiakat tartalmazz\u00e1k: Legyen sz\u00f3 \u00faj \u00e9p\u00edtkez\u00e9sr\u0151l vagy megl\u00e9v\u0151 t\u00e9r akusztikai optimaliz\u00e1l\u00e1s\u00e1r\u00f3l, [&hellip;]<\/p>","protected":false},"author":1,"featured_media":0,"parent":0,"menu_order":0,"comment_status":"closed","ping_status":"closed","template":"","meta":{"_uag_custom_page_level_css":"","site-sidebar-layout":"no-sidebar","site-content-layout":"page-builder","ast-site-content-layout":"full-width-container","site-content-style":"unboxed","site-sidebar-style":"unboxed","ast-global-header-display":"","ast-banner-title-visibility":"","ast-main-header-display":"","ast-hfb-above-header-display":"","ast-hfb-below-header-display":"","ast-hfb-mobile-header-display":"","site-post-title":"disabled","ast-breadcrumbs-content":"","ast-featured-img":"disabled","footer-sml-layout":"","theme-transparent-header-meta":"enabled","adv-header-id-meta":"","stick-header-meta":"","header-above-stick-meta":"","header-main-stick-meta":"","header-below-stick-meta":"","astra-migrate-meta-layouts":"set","ast-page-background-enabled":"default","ast-page-background-meta":{"desktop":{"background-color":"","background-image":"","background-repeat":"repeat","background-position":"center center","background-size":"auto","background-attachment":"scroll","background-type":"","background-media":"","overlay-type":"","overlay-color":"","overlay-opacity":"","overlay-gradient":""},"tablet":{"background-color":"","background-image":"","background-repeat":"repeat","background-position":"center center","background-size":"auto","background-attachment":"scroll","background-type":"","background-media":"","overlay-type":"","overlay-color":"","overlay-opacity":"","overlay-gradient":""},"mobile":{"background-color":"","background-image":"","background-repeat":"repeat","background-position":"center center","background-size":"auto","background-attachment":"scroll","background-type":"","background-media":"","overlay-type":"","overlay-color":"","overlay-opacity":"","overlay-gradient":""}},"ast-content-background-meta":{"desktop":{"background-color":"var(--ast-global-color-5)","background-image":"","background-repeat":"repeat","background-position":"center center","background-size":"auto","background-attachment":"scroll","background-type":"","background-media":"","overlay-type":"","overlay-color":"","overlay-opacity":"","overlay-gradient":""},"tablet":{"background-color":"var(--ast-global-color-5)","background-image":"","background-repeat":"repeat","background-position":"center center","background-size":"auto","background-attachment":"scroll","background-type":"","background-media":"","overlay-type":"","overlay-color":"","overlay-opacity":"","overlay-gradient":""},"mobile":{"background-color":"var(--ast-global-color-5)","background-image":"","background-repeat":"repeat","background-position":"center center","background-size":"auto","background-attachment":"scroll","background-type":"","background-media":"","overlay-type":"","overlay-color":"","overlay-opacity":"","overlay-gradient":""}},"footnotes":""},"class_list":["post-2391","page","type-page","status-publish","hentry"],"uagb_featured_image_src":{"full":false,"thumbnail":false,"medium":false,"medium_large":false,"large":false,"1536x1536":false,"2048x2048":false,"trp-custom-language-flag":false},"uagb_author_info":{"display_name":"EurS_Adm24","author_link":"https:\/\/europus.hu\/en\/author\/eurs_adm24\/"},"uagb_comment_info":0,"uagb_excerpt":"Az akusztika min\u0151s\u00e9ge alapvet\u0151en meghat\u00e1rozza egy t\u00e9r funkcionalit\u00e1s\u00e1t \u00e9s haszn\u00e1lati \u00e9lm\u00e9ny\u00e9t, legyen sz\u00f3 irod\u00e1r\u00f3l, sz\u00ednh\u00e1zteremr\u0151l, \u00e9tteremr\u0151l vagy otthoni k\u00f6rnyezetr\u0151l. C\u00e9g\u00fcnk professzion\u00e1lis akusztikai tervez\u00e9si szolg\u00e1ltat\u00e1sokat k\u00edn\u00e1l, amelyek c\u00e9lja, hogy a t\u00e9r hangz\u00e1svil\u00e1ga optim\u00e1lisan szolg\u00e1lja az adott funkci\u00f3t. Az akusztikai tervez\u00e9s sor\u00e1n figyelembe vessz\u00fck: Szolg\u00e1ltat\u00e1saink az al\u00e1bbiakat tartalmazz\u00e1k: Legyen sz\u00f3 \u00faj \u00e9p\u00edtkez\u00e9sr\u0151l vagy megl\u00e9v\u0151 t\u00e9r akusztikai optimaliz\u00e1l\u00e1s\u00e1r\u00f3l,&hellip;","_links":{"self":[{"href":"https:\/\/europus.hu\/en\/wp-json\/wp\/v2\/pages\/2391","targetHints":{"allow":["GET"]}}],"collection":[{"href":"https:\/\/europus.hu\/en\/wp-json\/wp\/v2\/pages"}],"about":[{"href":"https:\/\/europus.hu\/en\/wp-json\/wp\/v2\/types\/page"}],"author":[{"embeddable":true,"href":"https:\/\/europus.hu\/en\/wp-json\/wp\/v2\/users\/1"}],"replies":[{"embeddable":true,"href":"https:\/\/europus.hu\/en\/wp-json\/wp\/v2\/comments?post=2391"}],"version-history":[{"count":9,"href":"https:\/\/europus.hu\/en\/wp-json\/wp\/v2\/pages\/2391\/revisions"}],"predecessor-version":[{"id":3819,"href":"https:\/\/europus.hu\/en\/wp-json\/wp\/v2\/pages\/2391\/revisions\/3819"}],"wp:attachment":[{"href":"https:\/\/europus.hu\/en\/wp-json\/wp\/v2\/media?parent=2391"}],"curies":[{"name":"wp","href":"https:\/\/api.w.org\/{rel}","templated":true}]}}