{"id":2421,"date":"2025-04-24T05:30:08","date_gmt":"2025-04-24T05:30:08","guid":{"rendered":"https:\/\/europus.hu\/?page_id=2421"},"modified":"2025-08-01T21:56:52","modified_gmt":"2025-08-01T21:56:52","slug":"lakossagi-zajmeres-es-szaktanacsadas","status":"publish","type":"page","link":"https:\/\/europus.hu\/en\/lakossagi-zajmeres-es-szaktanacsadas\/","title":{"rendered":"Lakoss\u00e1gi zajm\u00e9r\u00e9s \u00e9s szaktan\u00e1csad\u00e1s"},"content":{"rendered":"<div class=\"wp-block-uagb-container uag-blocks-common-selector uagb-block-1756e0cc alignfull uagb-is-root-container\"><div class=\"uagb-container-inner-blocks-wrap\">\n<div class=\"wp-block-uagb-info-box uagb-block-7d34615f uagb-infobox__content-wrap  uagb-infobox-icon-above-title uagb-infobox-image-valign-top\"><div class=\"uagb-ifb-content\"><div class=\"uagb-ifb-title-wrap\"><h6 class=\"uagb-ifb-title-prefix\">Lakoss\u00e1gi zajm\u00e9r\u00e9s \u00e9s szaktan\u00e1csad\u00e1s<\/h6><h2 class=\"uagb-ifb-title\"><strong>Mi a megold\u00e1s, ha nem zajmentes vagy nem csendes a lak\u00e1sa?<\/strong><\/h2><\/div><div class=\"uagb-ifb-separator\"><\/div><\/div><\/div>\n\n\n\n<div class=\"wp-block-uagb-advanced-heading uagb-block-952d2b1b\"><p class=\"uagb-desc-text\"><strong><em>A probl\u00e9ma vagy az utc\u00e1r\u00f3l \u00e9rkezik vagy k\u00e9t helyis\u00e9g k\u00f6z\u00f6tt fell\u00e9p\u0151 zajokkal jelentkezik.<\/em><\/strong><\/p><div class=\"uagb-separator\"><\/div><\/div>\n\n\n\n<p class=\"has-text-align-center has-ast-global-color-8-color has-text-color has-link-color has-medium-font-size wp-elements-01b4b884471bccdf729c8872ea237d58\"><\/p>\n<\/div><\/div>\n\n\n\n<div class=\"wp-block-uagb-container uag-blocks-common-selector uagb-block-97762f89 alignfull uagb-is-root-container\"><div class=\"uagb-container-inner-blocks-wrap\">\n<div class=\"wp-block-columns is-layout-flex wp-container-core-columns-is-layout-dcc19537 wp-block-columns-is-layout-flex\" style=\"margin-top:0;margin-bottom:0;padding-right:var(--wp--preset--spacing--60);padding-left:var(--wp--preset--spacing--60)\">\n<div class=\"wp-block-column is-vertically-aligned-center is-layout-flow wp-block-column-is-layout-flow\" style=\"flex-basis:50%\">\n<div class=\"wp-block-uagb-container uagb-block-ea4be0ef\">\n<div data-aos= \"fade-right\" data-aos-duration=\"400\" data-aos-delay=\"0\" data-aos-easing=\"ease\" data-aos-once=\"true\" class=\"wp-block-uagb-info-box uagb-block-e76b6079 uagb-infobox__content-wrap  uagb-infobox-icon-above-title uagb-infobox-image-valign-top\"><div class=\"uagb-ifb-content\"><div class=\"uagb-ifb-title-wrap\"><h3 class=\"uagb-ifb-title\"><strong>A zajok megsz\u00fcntet\u00e9s\u00e9nek t\u00f6bb m\u00f3dja van.<\/strong><\/h3><\/div><p class=\"uagb-ifb-desc\">Ha a zaj az utc\u00e1r\u00f3l \u00e9rkezik, akkor az utc\u00e1ra n\u00e9z\u0151 falakat, \u00e9s ny\u00edl\u00e1sz\u00e1r\u00f3kat kell megvizsg\u00e1lni. Ha a zaj a szomsz\u00e9db\u00f3l \u00e9kezik, akkor v\u00e9dekezni mindk\u00e9t helyis\u00e9gben lehet.<\/p><\/div><\/div>\n<\/div>\n<\/div>\n\n\n\n<div class=\"wp-block-column is-layout-flow wp-block-column-is-layout-flow\" style=\"flex-basis:50%\">\n<figure class=\"wp-block-image aligncenter size-full is-resized has-custom-border\" style=\"margin-top:0;margin-right:0;margin-bottom:0;margin-left:0\"><img loading=\"lazy\" decoding=\"async\" width=\"1024\" height=\"1024\" src=\"https:\/\/europus.hu\/wp-content\/uploads\/2025\/06\/Lakossagi-szolg-1.png\" alt=\"\" class=\"wp-image-3368\" style=\"border-style:none;border-width:0px;width:362px;height:auto\" srcset=\"https:\/\/europus.hu\/wp-content\/uploads\/2025\/06\/Lakossagi-szolg-1.png 1024w, https:\/\/europus.hu\/wp-content\/uploads\/2025\/06\/Lakossagi-szolg-1-300x300.png 300w, https:\/\/europus.hu\/wp-content\/uploads\/2025\/06\/Lakossagi-szolg-1-150x150.png 150w\" sizes=\"auto, (max-width: 1024px) 100vw, 1024px\" \/><\/figure>\n<\/div>\n<\/div>\n\n\n\n<div class=\"wp-block-columns is-layout-flex wp-container-core-columns-is-layout-fd89ef06 wp-block-columns-is-layout-flex\" style=\"padding-top:var(--wp--preset--spacing--40);padding-right:var(--wp--preset--spacing--60);padding-bottom:var(--wp--preset--spacing--40);padding-left:var(--wp--preset--spacing--60)\">\n<div class=\"wp-block-column is-layout-flow wp-block-column-is-layout-flow\" style=\"flex-basis:50%\">\n<div class=\"wp-block-uagb-container uagb-block-c8cf18eb\">\n<figure class=\"wp-block-image size-full is-resized\"><img loading=\"lazy\" decoding=\"async\" width=\"1280\" height=\"853\" src=\"https:\/\/europus.hu\/wp-content\/uploads\/2025\/07\/IMG_3643.png\" alt=\"\" class=\"wp-image-3422\" style=\"width:386px;height:auto\" srcset=\"https:\/\/europus.hu\/wp-content\/uploads\/2025\/07\/IMG_3643.png 1280w, https:\/\/europus.hu\/wp-content\/uploads\/2025\/07\/IMG_3643-300x200.png 300w\" sizes=\"auto, (max-width: 1280px) 100vw, 1280px\" \/><\/figure>\n<\/div>\n<\/div>\n\n\n\n<div class=\"wp-block-column is-vertically-aligned-center is-layout-flow wp-block-column-is-layout-flow\" style=\"flex-basis:50%\">\n<div data-aos= \"fade-left\" data-aos-duration=\"400\" data-aos-delay=\"0\" data-aos-easing=\"ease\" data-aos-once=\"true\" class=\"wp-block-uagb-info-box uagb-block-f4719e7d uagb-infobox__content-wrap  uagb-infobox-icon-above-title uagb-infobox-image-valign-top\"><div class=\"uagb-ifb-content\"><div class=\"uagb-ifb-title-wrap\"><h3 class=\"uagb-ifb-title\"><strong>A megold\u00e1sra manaps\u00e1g az interneten is tal\u00e1lhat tan\u00e1csokat<\/strong><\/h3><\/div><p class=\"uagb-ifb-desc\">Sajnos az ott tal\u00e1lhat\u00f3 megold\u00e1sok sok fontos r\u00e9szletre nem t\u00e9rnek ki. F\u0151k\u00e9nt arra, hogy az ott bemutatott megold\u00e1s az \u00d6n lak\u00e1s\u00e1ban milyen eredm\u00e9nyt fog adni. Ah\u00e1ny h\u00e1z annyi elt\u00e9r\u0151 helyes megold\u00e1s van.<\/p><\/div><\/div>\n<\/div>\n<\/div>\n\n\n\n<div class=\"wp-block-columns is-layout-flex wp-container-core-columns-is-layout-67c14e00 wp-block-columns-is-layout-flex\" style=\"margin-top:0;margin-bottom:0;padding-top:var(--wp--preset--spacing--40);padding-right:var(--wp--preset--spacing--60);padding-bottom:var(--wp--preset--spacing--40);padding-left:var(--wp--preset--spacing--60)\">\n<div class=\"wp-block-column is-vertically-aligned-center is-layout-flow wp-block-column-is-layout-flow\" style=\"flex-basis:50%\">\n<div class=\"wp-block-uagb-container uagb-block-d4de6c28\">\n<div data-aos= \"fade-right\" data-aos-duration=\"400\" data-aos-delay=\"0\" data-aos-easing=\"ease\" data-aos-once=\"true\" class=\"wp-block-uagb-info-box uagb-block-88296877 uagb-infobox__content-wrap  uagb-infobox-icon-above-title uagb-infobox-image-valign-top\"><div class=\"uagb-ifb-content\"><div class=\"uagb-ifb-title-wrap\"><h3 class=\"uagb-ifb-title\"><strong>A zaj gyakran vit\u00e1k \u00e9s peresked\u00e9s forr\u00e1sa<\/strong><\/h3><\/div><p class=\"uagb-ifb-desc\">Ilyenkor akusztikai szak\u00e9rt\u0151 mondja meg, hogy a zajv\u00e9delem megfelel-e a jogszab\u00e1lyoknak. B\u00e1r a jogszab\u00e1lyok betart\u00e1s\u00e1val&nbsp; a jogvita elker\u00fclhet\u0151, a jogszab\u00e1ly nem garant\u00e1l teljes cs\u00f6ndet. A zajhat\u00e1s m\u00e9rt\u00e9ke tervezhet\u0151.<\/p><\/div><\/div>\n<\/div>\n<\/div>\n\n\n\n<div class=\"wp-block-column is-layout-flow wp-block-column-is-layout-flow\" style=\"flex-basis:50%\">\n<figure class=\"wp-block-image aligncenter size-full is-resized\" style=\"margin-right:var(--wp--preset--spacing--50);margin-left:var(--wp--preset--spacing--50)\"><img loading=\"lazy\" decoding=\"async\" width=\"1732\" height=\"1569\" src=\"https:\/\/europus.hu\/wp-content\/uploads\/2025\/07\/Muszer-paragrafus-jellel_lyukas.png\" alt=\"\" class=\"wp-image-3550\" style=\"width:321px;height:auto\" srcset=\"https:\/\/europus.hu\/wp-content\/uploads\/2025\/07\/Muszer-paragrafus-jellel_lyukas.png 1732w, https:\/\/europus.hu\/wp-content\/uploads\/2025\/07\/Muszer-paragrafus-jellel_lyukas-300x272.png 300w, https:\/\/europus.hu\/wp-content\/uploads\/2025\/07\/Muszer-paragrafus-jellel_lyukas-1024x928.png 1024w, https:\/\/europus.hu\/wp-content\/uploads\/2025\/07\/Muszer-paragrafus-jellel_lyukas-768x696.png 768w, https:\/\/europus.hu\/wp-content\/uploads\/2025\/07\/Muszer-paragrafus-jellel_lyukas-1536x1391.png 1536w, https:\/\/europus.hu\/wp-content\/uploads\/2025\/07\/Muszer-paragrafus-jellel_lyukas-13x12.png 13w\" sizes=\"auto, (max-width: 1732px) 100vw, 1732px\" \/><\/figure>\n<\/div>\n<\/div>\n\n\n\n<div class=\"wp-block-columns is-layout-flex wp-container-core-columns-is-layout-fd89ef06 wp-block-columns-is-layout-flex\" style=\"padding-top:var(--wp--preset--spacing--40);padding-right:var(--wp--preset--spacing--60);padding-bottom:var(--wp--preset--spacing--40);padding-left:var(--wp--preset--spacing--60)\">\n<div class=\"wp-block-column is-layout-flow wp-block-column-is-layout-flow\" style=\"flex-basis:50%\">\n<div class=\"wp-block-uagb-container uagb-block-0fe6503d\">\n<figure class=\"wp-block-image size-large is-resized\"><img loading=\"lazy\" decoding=\"async\" width=\"1024\" height=\"1024\" src=\"https:\/\/europus.hu\/wp-content\/uploads\/2025\/07\/mikrofon-1-1024x1024.png\" alt=\"\" class=\"wp-image-3608\" style=\"width:349px;height:auto\" srcset=\"https:\/\/europus.hu\/wp-content\/uploads\/2025\/07\/mikrofon-1-1024x1024.png 1024w, https:\/\/europus.hu\/wp-content\/uploads\/2025\/07\/mikrofon-1-300x300.png 300w, https:\/\/europus.hu\/wp-content\/uploads\/2025\/07\/mikrofon-1-150x150.png 150w, https:\/\/europus.hu\/wp-content\/uploads\/2025\/07\/mikrofon-1.png 1485w\" sizes=\"auto, (max-width: 1024px) 100vw, 1024px\" \/><\/figure>\n<\/div>\n<\/div>\n\n\n\n<div class=\"wp-block-column is-vertically-aligned-center is-layout-flow wp-block-column-is-layout-flow\" style=\"flex-basis:50%\">\n<div data-aos= \"fade-left\" data-aos-duration=\"400\" data-aos-delay=\"0\" data-aos-easing=\"ease\" data-aos-once=\"true\" class=\"wp-block-uagb-info-box uagb-block-12b77da9 uagb-infobox__content-wrap  uagb-infobox-icon-above-title uagb-infobox-image-valign-top\"><div class=\"uagb-ifb-content\"><div class=\"uagb-ifb-title-wrap\"><h3 class=\"uagb-ifb-title\"><strong>M\u00e9r\u00e9s d\u00f6nti el, hogy mi a teend\u0151, kell-e beavatkoz\u00e1s<\/strong><\/h3><\/div><p class=\"uagb-ifb-desc\">M\u00e9r\u00e9s d\u00f6nti el a beavatkoz\u00e1s el\u00e9gs\u00e9ges m\u00e9rt\u00e9k\u00e9t \u00e9s azzal a k\u00f6lts\u00e9g\u00e9t is.<br>Tervez\u00e9s n\u00e9lk\u00fcl a v\u00e9delem lehet sikertelen,<br>de t\u00fal\u00e1razott is.<\/p><\/div><\/div>\n<\/div>\n<\/div>\n\n\n\n<div class=\"wp-block-columns is-layout-flex wp-container-core-columns-is-layout-67c14e00 wp-block-columns-is-layout-flex\" style=\"margin-top:0;margin-bottom:0;padding-top:var(--wp--preset--spacing--40);padding-right:var(--wp--preset--spacing--60);padding-bottom:var(--wp--preset--spacing--40);padding-left:var(--wp--preset--spacing--60)\">\n<div class=\"wp-block-column is-vertically-aligned-center is-layout-flow wp-block-column-is-layout-flow\" style=\"flex-basis:50%\">\n<div class=\"wp-block-uagb-container uagb-block-f57d67d6\">\n<div data-aos= \"fade-right\" data-aos-duration=\"400\" data-aos-delay=\"0\" data-aos-easing=\"ease\" data-aos-once=\"true\" class=\"wp-block-uagb-info-box uagb-block-719bb6ce uagb-infobox__content-wrap  uagb-infobox-icon-above-title uagb-infobox-image-valign-top\"><div class=\"uagb-ifb-content\"><div class=\"uagb-ifb-title-wrap\"><h3 class=\"uagb-ifb-title\"><strong>Jogszab\u00e1lyi h\u00e1tt\u00e9r<\/strong><\/h3><\/div><p class=\"uagb-ifb-desc\">Azt csak a zajban \u00e9l\u0151 ember tudja megmondani, hogy sz\u00e1m\u00e1ra a jogszab\u00e1lyok v\u00e9delm\u00e9n t\u00fal mi az el\u00e9gs\u00e9ges megold\u00e1s. Mi pedig megmondjuk, hogy mennyibe fog ker\u00fclni. Azt is megmondjuk, hogy kisebb k\u00f6lts\u00e9ggel milyen eredm\u00e9ny \u00e9rhet\u0151 el.<\/p><\/div><\/div>\n<\/div>\n<\/div>\n\n\n\n<div class=\"wp-block-column is-layout-flow wp-block-column-is-layout-flow\" style=\"flex-basis:50%\">\n<figure class=\"wp-block-image size-large is-resized\" style=\"margin-right:var(--wp--preset--spacing--60);margin-left:var(--wp--preset--spacing--60)\"><img loading=\"lazy\" decoding=\"async\" width=\"1024\" height=\"1024\" src=\"https:\/\/europus.hu\/wp-content\/uploads\/2025\/07\/Ar-minoseg-diagram_lyukas-1024x1024.png\" alt=\"\" class=\"wp-image-3546\" style=\"width:372px;height:auto\" srcset=\"https:\/\/europus.hu\/wp-content\/uploads\/2025\/07\/Ar-minoseg-diagram_lyukas-1024x1024.png 1024w, https:\/\/europus.hu\/wp-content\/uploads\/2025\/07\/Ar-minoseg-diagram_lyukas-300x300.png 300w, https:\/\/europus.hu\/wp-content\/uploads\/2025\/07\/Ar-minoseg-diagram_lyukas-150x150.png 150w, https:\/\/europus.hu\/wp-content\/uploads\/2025\/07\/Ar-minoseg-diagram_lyukas-768x768.png 768w, https:\/\/europus.hu\/wp-content\/uploads\/2025\/07\/Ar-minoseg-diagram_lyukas-1536x1536.png 1536w, https:\/\/europus.hu\/wp-content\/uploads\/2025\/07\/Ar-minoseg-diagram_lyukas-12x12.png 12w, https:\/\/europus.hu\/wp-content\/uploads\/2025\/07\/Ar-minoseg-diagram_lyukas.png 1712w\" sizes=\"auto, (max-width: 1024px) 100vw, 1024px\" \/><\/figure>\n<\/div>\n<\/div>\n\n\n\n<div class=\"wp-block-columns is-layout-flex wp-container-core-columns-is-layout-fd89ef06 wp-block-columns-is-layout-flex\" style=\"padding-top:var(--wp--preset--spacing--40);padding-right:var(--wp--preset--spacing--60);padding-bottom:var(--wp--preset--spacing--40);padding-left:var(--wp--preset--spacing--60)\">\n<div class=\"wp-block-column is-layout-flow wp-block-column-is-layout-flow\" style=\"flex-basis:50%\">\n<div class=\"wp-block-uagb-container uagb-block-c960ab44\">\n<figure class=\"wp-block-image size-large\"><img loading=\"lazy\" decoding=\"async\" width=\"1024\" height=\"482\" src=\"https:\/\/europus.hu\/wp-content\/uploads\/2025\/07\/Karmentes-diagram_lyukas2-1024x482.png\" alt=\"\" class=\"wp-image-3612\" srcset=\"https:\/\/europus.hu\/wp-content\/uploads\/2025\/07\/Karmentes-diagram_lyukas2-1024x482.png 1024w, https:\/\/europus.hu\/wp-content\/uploads\/2025\/07\/Karmentes-diagram_lyukas2-300x141.png 300w, https:\/\/europus.hu\/wp-content\/uploads\/2025\/07\/Karmentes-diagram_lyukas2-768x362.png 768w, https:\/\/europus.hu\/wp-content\/uploads\/2025\/07\/Karmentes-diagram_lyukas2-1536x724.png 1536w, https:\/\/europus.hu\/wp-content\/uploads\/2025\/07\/Karmentes-diagram_lyukas2-18x8.png 18w, https:\/\/europus.hu\/wp-content\/uploads\/2025\/07\/Karmentes-diagram_lyukas2.png 1768w\" sizes=\"auto, (max-width: 1024px) 100vw, 1024px\" \/><\/figure>\n<\/div>\n<\/div>\n\n\n\n<div class=\"wp-block-column is-vertically-aligned-center is-layout-flow wp-block-column-is-layout-flow\" style=\"flex-basis:50%\">\n<div data-aos= \"fade-left\" data-aos-duration=\"400\" data-aos-delay=\"0\" data-aos-easing=\"ease\" data-aos-once=\"true\" class=\"wp-block-uagb-info-box uagb-block-6b60a6e1 uagb-infobox__content-wrap  uagb-infobox-icon-above-title uagb-infobox-image-valign-top\"><div class=\"uagb-ifb-content\"><div class=\"uagb-ifb-title-wrap\"><h3 class=\"uagb-ifb-title\"><strong>Persze ennek is van k\u00f6lts\u00e9ge<\/strong><\/h3><\/div><p class=\"uagb-ifb-desc\">\u00c1m a szaktan\u00e1csad\u00e1s \u00e9s a tervez\u00e9s m\u00e9rt\u00e9ke a teljes k\u00f6lts\u00e9gnek kevesebb, mint az egytizede. Tervez\u00e9s hi\u00e1ny\u00e1ban a k\u00e1r enn\u00e9l sokkal magasabb. Ez\u00e9rt \u00e9rdemes hozz\u00e1nk fordulni. Egy telefont meg\u00e9r: +36 30 999 6000.<\/p><\/div><\/div>\n<\/div>\n<\/div>\n\n\n\n<div style=\"height:46px\" aria-hidden=\"true\" class=\"wp-block-spacer\"><\/div>\n\n\n\n<p>REFERENCIA MUNKA<\/p>\n\n\n\n<p class=\"has-text-color has-link-color wp-elements-9ed49a77309e733703d78f8275125071\" style=\"color:#ff7a00;margin-top:var(--wp--preset--spacing--20);margin-bottom:var(--wp--preset--spacing--20);padding-top:0;padding-right:0;padding-bottom:0;padding-left:0;font-size:25px\"><strong>Egy emeletes sorh\u00e1z k\u00e9t szintj\u00e9nek m\u00e9r\u00e9si eredm\u00e9nyei beavatkoz\u00e1s el\u0151tt \u00e9s beavatkoz\u00e1s ut\u00e1n<\/strong>:<\/p>\n\n\n\n<p style=\"margin-top:var(--wp--preset--spacing--50);margin-bottom:var(--wp--preset--spacing--50);font-size:16px\"><em>Az R\u2019w \u00e9rt\u00e9kek a fal \u00fagynevezett helysz\u00ednen m\u00e9rt hangg\u00e1tl\u00e1s\u00e1t adj\u00e1k meg. A m\u00e9r\u00e9s szabv\u00e1nyos elj\u00e1r\u00e1ssal k\u00e9sz\u00fclt. A jogszab\u00e1lyok erre az \u00e9rt\u00e9kre hivatkoznak jogvita eset\u00e9n. A megrendel\u0151 a jogszab\u00e1lyban el\u0151\u00edrtn\u00e1l cs\u00f6ndesebb h\u00e1l\u00f3szob\u00e1t k\u00e9rt.<\/em><\/p>\n\n\n\n<div class=\"wp-block-uagb-container uagb-block-d759f2ab\">\n<div class=\"wp-block-columns is-layout-flex wp-container-core-columns-is-layout-28f84493 wp-block-columns-is-layout-flex\">\n<div class=\"wp-block-column is-layout-flow wp-block-column-is-layout-flow\">\n<figure class=\"wp-block-image size-full\"><img loading=\"lazy\" decoding=\"async\" width=\"867\" height=\"614\" src=\"https:\/\/europus.hu\/wp-content\/uploads\/2025\/07\/Meres1.jpg\" alt=\"\" class=\"wp-image-3452\" srcset=\"https:\/\/europus.hu\/wp-content\/uploads\/2025\/07\/Meres1.jpg 867w, https:\/\/europus.hu\/wp-content\/uploads\/2025\/07\/Meres1-300x212.jpg 300w, https:\/\/europus.hu\/wp-content\/uploads\/2025\/07\/Meres1-768x544.jpg 768w, https:\/\/europus.hu\/wp-content\/uploads\/2025\/07\/Meres1-18x12.jpg 18w\" sizes=\"auto, (max-width: 867px) 100vw, 867px\" \/><\/figure>\n<\/div>\n\n\n\n<div class=\"wp-block-column is-layout-flow wp-block-column-is-layout-flow\">\n<figure class=\"wp-block-image size-full\"><img loading=\"lazy\" decoding=\"async\" width=\"867\" height=\"614\" src=\"https:\/\/europus.hu\/wp-content\/uploads\/2025\/07\/Meres2.jpg\" alt=\"\" class=\"wp-image-3453\" srcset=\"https:\/\/europus.hu\/wp-content\/uploads\/2025\/07\/Meres2.jpg 867w, https:\/\/europus.hu\/wp-content\/uploads\/2025\/07\/Meres2-300x212.jpg 300w, https:\/\/europus.hu\/wp-content\/uploads\/2025\/07\/Meres2-768x544.jpg 768w, https:\/\/europus.hu\/wp-content\/uploads\/2025\/07\/Meres2-18x12.jpg 18w\" sizes=\"auto, (max-width: 867px) 100vw, 867px\" \/><\/figure>\n<\/div>\n<\/div>\n<\/div>\n\n\n\n<div class=\"wp-block-uagb-container uagb-block-37fdef17\">\n<div class=\"wp-block-columns is-layout-flex wp-container-core-columns-is-layout-28f84493 wp-block-columns-is-layout-flex\">\n<div class=\"wp-block-column is-layout-flow wp-block-column-is-layout-flow\">\n<figure class=\"wp-block-image size-full\"><img loading=\"lazy\" decoding=\"async\" width=\"880\" height=\"519\" src=\"https:\/\/europus.hu\/wp-content\/uploads\/2025\/07\/Meres3.jpg\" alt=\"\" class=\"wp-image-3454\" srcset=\"https:\/\/europus.hu\/wp-content\/uploads\/2025\/07\/Meres3.jpg 880w, https:\/\/europus.hu\/wp-content\/uploads\/2025\/07\/Meres3-300x177.jpg 300w, https:\/\/europus.hu\/wp-content\/uploads\/2025\/07\/Meres3-768x453.jpg 768w, https:\/\/europus.hu\/wp-content\/uploads\/2025\/07\/Meres3-18x12.jpg 18w\" sizes=\"auto, (max-width: 880px) 100vw, 880px\" \/><\/figure>\n<\/div>\n\n\n\n<div class=\"wp-block-column is-layout-flow wp-block-column-is-layout-flow\">\n<figure class=\"wp-block-image size-full\"><img loading=\"lazy\" decoding=\"async\" width=\"852\" height=\"504\" src=\"https:\/\/europus.hu\/wp-content\/uploads\/2025\/07\/Meres4.jpg\" alt=\"\" class=\"wp-image-3455\" srcset=\"https:\/\/europus.hu\/wp-content\/uploads\/2025\/07\/Meres4.jpg 852w, https:\/\/europus.hu\/wp-content\/uploads\/2025\/07\/Meres4-300x177.jpg 300w, https:\/\/europus.hu\/wp-content\/uploads\/2025\/07\/Meres4-768x454.jpg 768w, https:\/\/europus.hu\/wp-content\/uploads\/2025\/07\/Meres4-18x12.jpg 18w\" sizes=\"auto, (max-width: 852px) 100vw, 852px\" \/><\/figure>\n<\/div>\n<\/div>\n<\/div>\n<\/div><\/div>\n\n\n\n<div class=\"wp-block-uagb-container uagb-block-1eb164af alignfull uagb-is-root-container\"><div class=\"uagb-container-inner-blocks-wrap\">\n<div class=\"wp-block-uagb-container uagb-block-bb9cbd18\"><\/div>\n<\/div><\/div>","protected":false},"excerpt":{"rendered":"<p>A probl\u00e9ma vagy az utc\u00e1r\u00f3l \u00e9rkezik vagy k\u00e9t helyis\u00e9g k\u00f6z\u00f6tt fell\u00e9p\u0151 zajokkal jelentkezik. REFERENCIA MUNKA Egy emeletes sorh\u00e1z k\u00e9t szintj\u00e9nek m\u00e9r\u00e9si eredm\u00e9nyei beavatkoz\u00e1s el\u0151tt \u00e9s beavatkoz\u00e1s ut\u00e1n: Az R\u2019w \u00e9rt\u00e9kek a fal \u00fagynevezett helysz\u00ednen m\u00e9rt hangg\u00e1tl\u00e1s\u00e1t adj\u00e1k meg. A m\u00e9r\u00e9s szabv\u00e1nyos elj\u00e1r\u00e1ssal k\u00e9sz\u00fclt. A jogszab\u00e1lyok erre az \u00e9rt\u00e9kre hivatkoznak jogvita eset\u00e9n. A megrendel\u0151 a jogszab\u00e1lyban [&hellip;]<\/p>","protected":false},"author":1,"featured_media":0,"parent":0,"menu_order":0,"comment_status":"closed","ping_status":"closed","template":"","meta":{"_uag_custom_page_level_css":"","site-sidebar-layout":"no-sidebar","site-content-layout":"page-builder","ast-site-content-layout":"full-width-container","site-content-style":"unboxed","site-sidebar-style":"unboxed","ast-global-header-display":"","ast-banner-title-visibility":"","ast-main-header-display":"","ast-hfb-above-header-display":"","ast-hfb-below-header-display":"","ast-hfb-mobile-header-display":"","site-post-title":"disabled","ast-breadcrumbs-content":"","ast-featured-img":"disabled","footer-sml-layout":"","theme-transparent-header-meta":"enabled","adv-header-id-meta":"","stick-header-meta":"","header-above-stick-meta":"","header-main-stick-meta":"","header-below-stick-meta":"","astra-migrate-meta-layouts":"set","ast-page-background-enabled":"default","ast-page-background-meta":{"desktop":{"background-color":"","background-image":"","background-repeat":"repeat","background-position":"center center","background-size":"auto","background-attachment":"scroll","background-type":"","background-media":"","overlay-type":"","overlay-color":"","overlay-opacity":"","overlay-gradient":""},"tablet":{"background-color":"","background-image":"","background-repeat":"repeat","background-position":"center center","background-size":"auto","background-attachment":"scroll","background-type":"","background-media":"","overlay-type":"","overlay-color":"","overlay-opacity":"","overlay-gradient":""},"mobile":{"background-color":"","background-image":"","background-repeat":"repeat","background-position":"center center","background-size":"auto","background-attachment":"scroll","background-type":"","background-media":"","overlay-type":"","overlay-color":"","overlay-opacity":"","overlay-gradient":""}},"ast-content-background-meta":{"desktop":{"background-color":"var(--ast-global-color-5)","background-image":"","background-repeat":"repeat","background-position":"center center","background-size":"auto","background-attachment":"scroll","background-type":"","background-media":"","overlay-type":"","overlay-color":"","overlay-opacity":"","overlay-gradient":""},"tablet":{"background-color":"var(--ast-global-color-5)","background-image":"","background-repeat":"repeat","background-position":"center center","background-size":"auto","background-attachment":"scroll","background-type":"","background-media":"","overlay-type":"","overlay-color":"","overlay-opacity":"","overlay-gradient":""},"mobile":{"background-color":"var(--ast-global-color-5)","background-image":"","background-repeat":"repeat","background-position":"center center","background-size":"auto","background-attachment":"scroll","background-type":"","background-media":"","overlay-type":"","overlay-color":"","overlay-opacity":"","overlay-gradient":""}},"footnotes":""},"class_list":["post-2421","page","type-page","status-publish","hentry"],"uagb_featured_image_src":{"full":false,"thumbnail":false,"medium":false,"medium_large":false,"large":false,"1536x1536":false,"2048x2048":false,"trp-custom-language-flag":false},"uagb_author_info":{"display_name":"EurS_Adm24","author_link":"https:\/\/europus.hu\/en\/author\/eurs_adm24\/"},"uagb_comment_info":0,"uagb_excerpt":"A probl\u00e9ma vagy az utc\u00e1r\u00f3l \u00e9rkezik vagy k\u00e9t helyis\u00e9g k\u00f6z\u00f6tt fell\u00e9p\u0151 zajokkal jelentkezik. REFERENCIA MUNKA Egy emeletes sorh\u00e1z k\u00e9t szintj\u00e9nek m\u00e9r\u00e9si eredm\u00e9nyei beavatkoz\u00e1s el\u0151tt \u00e9s beavatkoz\u00e1s ut\u00e1n: Az R\u2019w \u00e9rt\u00e9kek a fal \u00fagynevezett helysz\u00ednen m\u00e9rt hangg\u00e1tl\u00e1s\u00e1t adj\u00e1k meg. A m\u00e9r\u00e9s szabv\u00e1nyos elj\u00e1r\u00e1ssal k\u00e9sz\u00fclt. A jogszab\u00e1lyok erre az \u00e9rt\u00e9kre hivatkoznak jogvita eset\u00e9n. A megrendel\u0151 a jogszab\u00e1lyban&hellip;","_links":{"self":[{"href":"https:\/\/europus.hu\/en\/wp-json\/wp\/v2\/pages\/2421","targetHints":{"allow":["GET"]}}],"collection":[{"href":"https:\/\/europus.hu\/en\/wp-json\/wp\/v2\/pages"}],"about":[{"href":"https:\/\/europus.hu\/en\/wp-json\/wp\/v2\/types\/page"}],"author":[{"embeddable":true,"href":"https:\/\/europus.hu\/en\/wp-json\/wp\/v2\/users\/1"}],"replies":[{"embeddable":true,"href":"https:\/\/europus.hu\/en\/wp-json\/wp\/v2\/comments?post=2421"}],"version-history":[{"count":81,"href":"https:\/\/europus.hu\/en\/wp-json\/wp\/v2\/pages\/2421\/revisions"}],"predecessor-version":[{"id":3630,"href":"https:\/\/europus.hu\/en\/wp-json\/wp\/v2\/pages\/2421\/revisions\/3630"}],"wp:attachment":[{"href":"https:\/\/europus.hu\/en\/wp-json\/wp\/v2\/media?parent=2421"}],"curies":[{"name":"wp","href":"https:\/\/api.w.org\/{rel}","templated":true}]}}