{"id":3,"date":"2025-04-09T21:07:54","date_gmt":"2025-04-09T21:07:54","guid":{"rendered":"https:\/\/europus.hu\/?page_id=3"},"modified":"2025-07-20T21:18:00","modified_gmt":"2025-07-20T21:18:00","slug":"privacy-policy","status":"publish","type":"page","link":"https:\/\/europus.hu\/en\/privacy-policy\/","title":{"rendered":"Jogi nyilatkozat"},"content":{"rendered":"<h2 class=\"wp-block-heading has-black-color has-text-color has-link-color wp-elements-5fb393e57a432ef9dd3f4b11e6b4e4f7\">europus.hu<\/h2>\n\n\n\n<p class=\"has-ast-global-color-8-color has-text-color has-link-color wp-elements-66e4058e4bd09913e595dc1b4c74e375\">Az <a href=\"http:\/\/www.fonor.hu\"><strong>europus.hu<\/strong><\/a> internetes domain c\u00edmen el\u00e9rhet\u0151 weboldal l\u00e1togat\u00f3i az oldalak megtekint\u00e9s\u00e9vel, b\u00f6ng\u00e9sz\u00e9s\u00e9vel, tartalm\u00e1nak let\u00f6lt\u00e9s\u00e9vel tudom\u00e1sul veszik \u00e9s elfogadj\u00e1k a digit\u00e1lis tartalom felhaszn\u00e1l\u00e1s\u00e1ra, illetve az elektronikus inform\u00e1ci\u00f3-szolg\u00e1ltat\u00e1s ig\u00e9nybev\u00e9tel\u00e9re vonatkoz\u00f3 \u00e1ltal\u00e1nos \u00e9s al\u00e1bb r\u00e9szletezett felt\u00e9teleket.<\/p>\n\n\n\n<p class=\"has-ast-global-color-8-color has-text-color has-link-color has-medium-font-size wp-elements-0547820e94a03d0c7a381e790fc5a83d\"><strong>1. SZERZ\u0150I- \u00c9S TULAJDONJOGOK<\/strong><strong><\/strong><\/p>\n\n\n\n<p class=\"has-ast-global-color-8-color has-text-color has-link-color wp-elements-f24e69304aa8bbec6c7a7d68b2140336\">Az <a href=\"http:\/\/www.fonor.hu\"><strong>europus.hu<\/strong><\/a> internetes domain c\u00edmen el\u00e9rhet\u0151 weboldalon elhelyezett tartalmak, m\u0171vek eg\u00e9sz\u00e9nek, vagy valamely azonos\u00edthat\u00f3 r\u00e9sz\u00e9nek anyagi \u00e9s nem anyagi form\u00e1ban t\u00f6rt\u00e9n\u0151 b\u00e1rmilyen felhaszn\u00e1l\u00e1s\u00e1hoz, \u00e9s minden egyes felhaszn\u00e1l\u00e1shoz a szerz\u0151, illet\u0151leg jogut\u00f3dja enged\u00e9lye sz\u00fcks\u00e9ges. Ilyen m\u00f3don \u00e9s a szerz\u0151i jogr\u00f3l sz\u00f3l\u00f3 <em>1999. \u00e9vi LXXVI. t\u00f6rv\u00e9ny<\/em> alapj\u00e1n a szerz\u0151, mint a szem\u00e9lyhez f\u0171z\u0151d\u0151 jogok, illetve az eurOpus Hangtechnikai K\u00f6zpont Kft. mint a vagyoni jogok jogosultja, \u00edr\u00e1sos hozz\u00e1j\u00e1rul\u00e1s\u00e1val lehet csak a m\u0171vet \u2013 a szerz\u0151 nev\u00e9nek \u00e9s szerz\u0151s\u00e9g\u00e9nek felt\u00fcntet\u00e9se mellett \u2013 nyilv\u00e1noss\u00e1gra hozni, a m\u0171 egys\u00e9g\u00e9t \u00e9rint\u0151 b\u00e1rmilyen beavatkoz\u00e1st v\u00e9gezni. Tov\u00e1bb\u00e1 \u00e9s k\u00fcl\u00f6n\u00f6sen a m\u0171vet t\u00f6bbsz\u00f6r\u00f6zni, terjeszteni, nyilv\u00e1nosan el\u0151adni, nyilv\u00e1noss\u00e1ghoz k\u00f6zvet\u00edteni sug\u00e1rz\u00e1ssal vagy m\u00e1sk\u00e9nt, sug\u00e1rzott m\u0171nek az eredetihez k\u00e9pest m\u00e1s szervezet k\u00f6zbeiktat\u00e1s\u00e1val a nyilv\u00e1noss\u00e1ghoz tov\u00e1bbk\u00f6zvet\u00edteni, \u00e1tdolgozni, ki\u00e1ll\u00edtani. A szerz\u0151i jog fenti \u00e9s egy\u00e9b m\u00f3d\u00fa megs\u00e9rt\u00e9s\u00e9nek jogk\u00f6vetkezm\u00e9nyeit, a szerz\u0151t \u00e9s jogut\u00f3d\u00e1t illet\u0151 jogv\u00e9delmi eszk\u00f6z\u00f6ket a hivatkozott jogszab\u00e1ly XIII. fejezete tartalmazza.<\/p>\n\n\n\n<p class=\"has-ast-global-color-8-color has-text-color has-link-color has-medium-font-size wp-elements-f8c46b254c90bbf4f08c97076055e910\"><strong>2. FELEL\u0150SS\u00c9GV\u00c1LLAL\u00c1S<\/strong><strong><\/strong><\/p>\n\n\n\n<p class=\"has-ast-global-color-8-color has-text-color has-link-color wp-elements-c65a3f519d69ac35df8bd1c0f8d4eaf9\">Az eurOpus Hangtechnikai K\u00f6zpont Kft. pontos \u00e9s hiteles inform\u00e1ci\u00f3k k\u00f6zl\u00e9s\u00e9re t\u00f6rekszik, de azok id\u0151szer\u0171s\u00e9g\u00e9vel, \u00e9rv\u00e9nyess\u00e9g\u00e9vel, teljess\u00e9g\u00e9vel kapcsolatban, illetve a t\u00e1j\u00e9koztat\u00e1sb\u00f3l fakad\u00f3 esetleges k\u00e1rok\u00e9rt felel\u0151ss\u00e9get nem v\u00e1llal. Az eurOpus Hangtechnikai K\u00f6zpont Kft. nem v\u00e1llal felel\u0151ss\u00e9get olyan, harmadik f\u00e9l \u00e1ltal l\u00e9trehozott, tov\u00e1bb\u00edtott, t\u00e1rolt, hozz\u00e1f\u00e9rhet\u0151v\u00e9 tett, vagy publik\u00e1lt tartalmak\u00e9rt, melyekhez az <strong><a href=\"http:\/\/www.fonor.hu\">europus.hu<\/a><\/strong> weboldal kapcsol\u00f3dik, vagy amelyekre hivatkozik.<\/p>\n\n\n\n<p class=\"has-ast-global-color-8-color has-text-color has-link-color wp-elements-b6832cd950bea4b5f2e8ec6bca34ab15\">Az eurOpus Hangtechnikai K\u00f6zpont Kft. a nem saj\u00e1t forr\u00e1sb\u00f3l sz\u00e1rmaz\u00f3 \u00edr\u00e1sok kapcs\u00e1n is t\u00f6rekszik a megb\u00edzhat\u00f3 inform\u00e1ci\u00f3k k\u00f6zl\u00e9s\u00e9re, de e tartalmak pontoss\u00e1g\u00e1\u00e9rt felel\u0151ss\u00e9get nem v\u00e1llal. Az eurOpus Hangtechnikai K\u00f6zpont Kft. fenntartja a jogot, hogy a weboldal mindenkori tartalm\u00e1t korl\u00e1toz\u00e1s, \u00e9rtes\u00edt\u00e9s n\u00e9lk\u00fcl megv\u00e1ltoztassa, b\u00e1rmely, illetve valamennyi szolg\u00e1ltat\u00e1s\u00e1t megsz\u00fcntesse, felf\u00fcggessze. A weboldalon fellelhet\u0151 inform\u00e1ci\u00f3k nem tekinthet\u0151k k\u00f6telezetts\u00e9gv\u00e1llal\u00e1snak.<\/p>\n\n\n\n<p class=\"has-ast-global-color-8-color has-text-color has-link-color has-medium-font-size wp-elements-da0b0c288cbc854ef750b195de9b4f8c\"><strong>3. ADATV\u00c9DELEM<\/strong><strong><\/strong><\/p>\n\n\n\n<p class=\"has-ast-global-color-8-color has-text-color has-link-color wp-elements-7062a8e5a1a85c372634799bde773a20\">Az <a href=\"http:\/\/www.fonor.hu\"><strong>europus.hu<\/strong><\/a> weboldal \u00fczemeltet\u0151je az &nbsp;&#8230;. (a tov\u00e1bbiakban: \u00dczemeltet\u0151). Az \u00dczemeltet\u0151 l\u00e1togatotts\u00e1gi statisztik\u00e1t vezet, melyben szem\u00e9lyes adatok nem szerepelnek. A weboldal l\u00e1togat\u00e1sa sor\u00e1n az \u00dczemeltet\u0151 r\u00f6gz\u00edti a felhaszn\u00e1l\u00f3k IP tartom\u00e1ny\u00e1t, az oper\u00e1ci\u00f3s rendszer \u00e9s a web-b\u00f6ng\u00e9sz\u0151 szoftver t\u00edpus\u00e1t, valamint a l\u00e1togatott oldal c\u00edm\u00e9t. Az adatr\u00f6gz\u00edt\u00e9s c\u00e9lja a felhaszn\u00e1l\u00f3i szok\u00e1sok elemz\u00e9se, l\u00e1togatotts\u00e1gi statisztik\u00e1k k\u00e9sz\u00edt\u00e9se, mely a magasabb sz\u00ednvonal\u00fa kiszolg\u00e1l\u00e1shoz ny\u00fajt seg\u00edts\u00e9get. A felmer\u00fclt adatokat m\u00e1s inform\u00e1ci\u00f3val az eurOpus Hangtechnikai K\u00f6zpont Kft. \u00e9s az \u00dczemeltet\u0151 nem kapcsolja \u00f6ssze, a felhaszn\u00e1l\u00f3 szem\u00e9ly\u00e9nek azonos\u00edt\u00e1s\u00e1ra nem t\u00f6rekszik. Az eurOpus Hangtechnikai K\u00f6zpont Kft. \u00e9s az \u00fczemeltet\u0151 az europus.hu weboldallal kapcsolatosan nem haszn\u00e1l fel \u00e9s nem t\u00e1rol szem\u00e9lyes adatokat, ezzel \u00f6sszef\u00fcgg\u00e9sben nem v\u00e9gez adatkezel\u00e9st, adatfeldolgoz\u00e1st, illetve adattov\u00e1bb\u00edt\u00e1st.<\/p>\n\n\n\n<p class=\"has-ast-global-color-8-color has-text-color has-link-color wp-elements-74156277a9753d6a4c36ea759be63f3b\">Az adatv\u00e9delem jelen jognyilatkozatban nem r\u00e9szletezett vonatkoz\u00e1saival kapcsolatban a szem\u00e9lyes adatok v\u00e9delm\u00e9r\u0151l \u00e9s a k\u00f6z\u00e9rdek\u0171 adatok nyilv\u00e1noss\u00e1g\u00e1r\u00f3l sz\u00f3l\u00f3 <em>1992. \u00e9vi LXIII. t\u00f6rv\u00e9ny<\/em>, illetve az elektronikus kereskedelmi szolg\u00e1ltat\u00e1sok, valamint az inform\u00e1ci\u00f3s t\u00e1rsadalommal \u00f6sszef\u00fcgg\u0151 szolg\u00e1ltat\u00e1sok egyes k\u00e9rd\u00e9seir\u0151l sz\u00f3l\u00f3 <em>2001. \u00e9vi CVIII. t\u00f6rv\u00e9ny<\/em> rendelkez\u00e9sei \u00e9rv\u00e9nyesek.<\/p>\n\n\n\n<p><\/p>","protected":false},"excerpt":{"rendered":"<p>europus.hu Az europus.hu internetes domain c\u00edmen el\u00e9rhet\u0151 weboldal l\u00e1togat\u00f3i az oldalak megtekint\u00e9s\u00e9vel, b\u00f6ng\u00e9sz\u00e9s\u00e9vel, tartalm\u00e1nak let\u00f6lt\u00e9s\u00e9vel tudom\u00e1sul veszik \u00e9s elfogadj\u00e1k a digit\u00e1lis tartalom felhaszn\u00e1l\u00e1s\u00e1ra, illetve az elektronikus inform\u00e1ci\u00f3-szolg\u00e1ltat\u00e1s ig\u00e9nybev\u00e9tel\u00e9re vonatkoz\u00f3 \u00e1ltal\u00e1nos \u00e9s al\u00e1bb r\u00e9szletezett felt\u00e9teleket. 1. SZERZ\u0150I- \u00c9S TULAJDONJOGOK Az europus.hu internetes domain c\u00edmen el\u00e9rhet\u0151 weboldalon elhelyezett tartalmak, m\u0171vek eg\u00e9sz\u00e9nek, vagy valamely azonos\u00edthat\u00f3 r\u00e9sz\u00e9nek anyagi \u00e9s [&hellip;]<\/p>","protected":false},"author":1,"featured_media":0,"parent":0,"menu_order":0,"comment_status":"closed","ping_status":"closed","template":"","meta":{"_uag_custom_page_level_css":"","site-sidebar-layout":"default","site-content-layout":"","ast-site-content-layout":"default","site-content-style":"default","site-sidebar-style":"default","ast-global-header-display":"","ast-banner-title-visibility":"","ast-main-header-display":"","ast-hfb-above-header-display":"","ast-hfb-below-header-display":"","ast-hfb-mobile-header-display":"","site-post-title":"","ast-breadcrumbs-content":"","ast-featured-img":"","footer-sml-layout":"","theme-transparent-header-meta":"","adv-header-id-meta":"","stick-header-meta":"","header-above-stick-meta":"","header-main-stick-meta":"","header-below-stick-meta":"","astra-migrate-meta-layouts":"set","ast-page-background-enabled":"default","ast-page-background-meta":{"desktop":{"background-color":"","background-image":"","background-repeat":"repeat","background-position":"center center","background-size":"auto","background-attachment":"scroll","background-type":"","background-media":"","overlay-type":"","overlay-color":"","overlay-opacity":"","overlay-gradient":""},"tablet":{"background-color":"","background-image":"","background-repeat":"repeat","background-position":"center center","background-size":"auto","background-attachment":"scroll","background-type":"","background-media":"","overlay-type":"","overlay-color":"","overlay-opacity":"","overlay-gradient":""},"mobile":{"background-color":"","background-image":"","background-repeat":"repeat","background-position":"center center","background-size":"auto","background-attachment":"scroll","background-type":"","background-media":"","overlay-type":"","overlay-color":"","overlay-opacity":"","overlay-gradient":""}},"ast-content-background-meta":{"desktop":{"background-color":"var(--ast-global-color-5)","background-image":"","background-repeat":"repeat","background-position":"center center","background-size":"auto","background-attachment":"scroll","background-type":"","background-media":"","overlay-type":"","overlay-color":"","overlay-opacity":"","overlay-gradient":""},"tablet":{"background-color":"var(--ast-global-color-5)","background-image":"","background-repeat":"repeat","background-position":"center center","background-size":"auto","background-attachment":"scroll","background-type":"","background-media":"","overlay-type":"","overlay-color":"","overlay-opacity":"","overlay-gradient":""},"mobile":{"background-color":"var(--ast-global-color-5)","background-image":"","background-repeat":"repeat","background-position":"center center","background-size":"auto","background-attachment":"scroll","background-type":"","background-media":"","overlay-type":"","overlay-color":"","overlay-opacity":"","overlay-gradient":""}},"footnotes":""},"class_list":["post-3","page","type-page","status-publish","hentry"],"uagb_featured_image_src":{"full":false,"thumbnail":false,"medium":false,"medium_large":false,"large":false,"1536x1536":false,"2048x2048":false,"trp-custom-language-flag":false},"uagb_author_info":{"display_name":"EurS_Adm24","author_link":"https:\/\/europus.hu\/en\/author\/eurs_adm24\/"},"uagb_comment_info":0,"uagb_excerpt":"europus.hu Az europus.hu internetes domain c\u00edmen el\u00e9rhet\u0151 weboldal l\u00e1togat\u00f3i az oldalak megtekint\u00e9s\u00e9vel, b\u00f6ng\u00e9sz\u00e9s\u00e9vel, tartalm\u00e1nak let\u00f6lt\u00e9s\u00e9vel tudom\u00e1sul veszik \u00e9s elfogadj\u00e1k a digit\u00e1lis tartalom felhaszn\u00e1l\u00e1s\u00e1ra, illetve az elektronikus inform\u00e1ci\u00f3-szolg\u00e1ltat\u00e1s ig\u00e9nybev\u00e9tel\u00e9re vonatkoz\u00f3 \u00e1ltal\u00e1nos \u00e9s al\u00e1bb r\u00e9szletezett felt\u00e9teleket. 1. SZERZ\u0150I- \u00c9S TULAJDONJOGOK Az europus.hu internetes domain c\u00edmen el\u00e9rhet\u0151 weboldalon elhelyezett tartalmak, m\u0171vek eg\u00e9sz\u00e9nek, vagy valamely azonos\u00edthat\u00f3 r\u00e9sz\u00e9nek anyagi \u00e9s&hellip;","_links":{"self":[{"href":"https:\/\/europus.hu\/en\/wp-json\/wp\/v2\/pages\/3","targetHints":{"allow":["GET"]}}],"collection":[{"href":"https:\/\/europus.hu\/en\/wp-json\/wp\/v2\/pages"}],"about":[{"href":"https:\/\/europus.hu\/en\/wp-json\/wp\/v2\/types\/page"}],"author":[{"embeddable":true,"href":"https:\/\/europus.hu\/en\/wp-json\/wp\/v2\/users\/1"}],"replies":[{"embeddable":true,"href":"https:\/\/europus.hu\/en\/wp-json\/wp\/v2\/comments?post=3"}],"version-history":[{"count":4,"href":"https:\/\/europus.hu\/en\/wp-json\/wp\/v2\/pages\/3\/revisions"}],"predecessor-version":[{"id":3648,"href":"https:\/\/europus.hu\/en\/wp-json\/wp\/v2\/pages\/3\/revisions\/3648"}],"wp:attachment":[{"href":"https:\/\/europus.hu\/en\/wp-json\/wp\/v2\/media?parent=3"}],"curies":[{"name":"wp","href":"https:\/\/api.w.org\/{rel}","templated":true}]}}