{"id":325,"date":"2025-03-05T22:59:27","date_gmt":"2025-03-05T21:59:27","guid":{"rendered":"https:\/\/europus-media.com\/our-teachers\/"},"modified":"2025-10-23T23:17:31","modified_gmt":"2025-10-23T23:17:31","slug":"vasarlas","status":"publish","type":"page","link":"https:\/\/europus.hu\/en\/vasarlas\/","title":{"rendered":"Piact\u00e9r"},"content":{"rendered":"<div class=\"wp-block-uagb-container uagb-block-cb6f3df6 alignfull uagb-is-root-container\">\n<p><\/p>\n<\/div>\n\n\n\n<div class=\"wp-block-uagb-container uagb-block-c680f108 alignfull uagb-is-root-container\"><div class=\"uagb-container-inner-blocks-wrap\">\n<div class=\"wp-block-uagb-container uagb-block-963c4728\">\n<div class=\"wp-block-uagb-container uagb-block-a17ca420 alignfull uagb-is-root-container\"><div class=\"uagb-container-inner-blocks-wrap\">\n<div class=\"wp-block-uagb-container uagb-block-f63a7a67\">\n<div class=\"wp-block-uagb-image aligncenter uagb-block-c73bed78 wp-block-uagb-image--layout-default wp-block-uagb-image--effect-static wp-block-uagb-image--align-center\"><figure class=\"wp-block-uagb-image__figure\"><img decoding=\"async\" srcset=\"https:\/\/europus-media.com\/wp-content\/uploads\/2025\/03\/Hang1-1024x683.jpg ,https:\/\/europus-media.com\/wp-content\/uploads\/2025\/03\/Hang1.jpg 780w, https:\/\/europus-media.com\/wp-content\/uploads\/2025\/03\/Hang1.jpg 360w\" sizes=\"auto, (max-width: 480px) 150px\" src=\"https:\/\/europus-media.com\/wp-content\/uploads\/2025\/03\/Hang1-1024x683.jpg\" alt=\"\" class=\"uag-image-2042\" width=\"142\" height=\"95\" title=\"Hang1\" loading=\"lazy\" role=\"img\"\/><\/figure><\/div>\n\n\n\n<div class=\"wp-block-uagb-info-box uagb-block-897b4ee9 uagb-infobox__content-wrap  uagb-infobox-icon-left uagb-infobox-left uagb-infobox-stacked-mobile uagb-infobox-image-valign-top wp-block-uagb-info-box--has-margin\"><div class=\"uagb-infobox-margin-wrapper\"><div class=\"uagb-ifb-icon-wrap\"><svg xmlns=\"https:\/\/www.w3.org\/2000\/svg\" viewbox=\"0 0 640 512\"><path d=\"M623.1 136.9l-282.7-101.2c-13.73-4.91-28.7-4.91-42.43 0L16.05 136.9C6.438 140.4 0 149.6 0 160s6.438 19.65 16.05 23.09L76.07 204.6c-11.89 15.8-20.26 34.16-24.55 53.95C40.05 263.4 32 274.8 32 288c0 9.953 4.814 18.49 11.94 24.36l-24.83 149C17.48 471.1 25 480 34.89 480H93.11c9.887 0 17.41-8.879 15.78-18.63l-24.83-149C91.19 306.5 96 297.1 96 288c0-10.29-5.174-19.03-12.72-24.89c4.252-17.76 12.88-33.82 24.94-47.03l190.6 68.23c13.73 4.91 28.7 4.91 42.43 0l282.7-101.2C633.6 179.6 640 170.4 640 160S633.6 140.4 623.1 136.9zM351.1 314.4C341.7 318.1 330.9 320 320 320c-10.92 0-21.69-1.867-32-5.555L142.8 262.5L128 405.3C128 446.6 213.1 480 320 480c105.1 0 192-33.4 192-74.67l-14.78-142.9L351.1 314.4z\"><\/path><\/svg><\/div><div class=\"uagb-ifb-content\"><div class=\"uagb-ifb-title-wrap\"><h6 class=\"uagb-ifb-title\">K\u00f6nyv 1.<\/h6><\/div><\/div><\/div><\/div>\n\n\n\n<div class=\"wp-block-uagb-advanced-heading uagb-block-68657dc5\"><\/div>\n\n\n\n<div class=\"wp-block-uagb-buttons uagb-buttons__outer-wrap uagb-btn__default-btn uagb-btn-tablet__default-btn uagb-btn-mobile__default-btn uagb-block-ac04d4df\"><div class=\"uagb-buttons__wrap uagb-buttons-layout-wrap\">\n<div class=\"wp-block-uagb-buttons-child uagb-buttons__outer-wrap uagb-block-1e3254b9 wp-block-button\"><div class=\"uagb-button__wrapper\"><a class=\"uagb-buttons-repeater wp-block-button__link\" aria-label=\"\" href=\"https:\/\/europus.hu\/en\/megrendeles\/\" rel=\"follow noopener\" target=\"_self\" role=\"button\"><div class=\"uagb-button__link\">V\u00c1S\u00c1RL\u00c1S<\/div><\/a><\/div><\/div>\n<\/div><\/div>\n<\/div>\n\n\n\n<div class=\"wp-block-uagb-container uagb-block-3da24567\">\n<div class=\"wp-block-uagb-advanced-heading uagb-block-6743a447\"><h4 class=\"uagb-heading-text\"><strong>Kishonti Istv\u00e1n: A hangt\u00e9r m\u0171v\u00e9szete<\/strong><\/h4><p class=\"uagb-desc-text\">Ez a k\u00f6nyv azokhoz sz\u00f3l, akik szeretn\u00e9k, hogy az elhalasztott hangok vil\u00e1ga ne legyen az elszalasztott hangok vil\u00e1ga.<\/p><\/div>\n\n\n\n<div class=\"wp-block-uagb-advanced-heading uagb-block-72d18c63\"><h6 class=\"uagb-heading-text\">Szerz\u0151<\/h6><p class=\"uagb-desc-text\">Kishonti Istv\u00e1n<\/p><\/div>\n\n\n\n<div class=\"wp-block-uagb-advanced-heading uagb-block-f9f4bbc6\"><h6 class=\"uagb-heading-text\">\u00c1r:<\/h6><p class=\"uagb-desc-text\">15 000 Ft<\/p><\/div>\n\n\n\n<div class=\"wp-block-uagb-advanced-heading uagb-block-7978814d\"><h6 class=\"uagb-heading-text\">Fizet\u00e9si m\u00f3d:<\/h6><p class=\"uagb-desc-text\">\u00c1tutal\u00e1s<\/p><\/div>\n\n\n\n<div class=\"wp-block-uagb-advanced-heading uagb-block-32d0f54e\"><h6 class=\"uagb-heading-text\">v\u00e1rhat\u00f3 sz\u00e1ll\u00edt\u00e1s:<\/h6><\/div>\n\n\n\n<p>Hamarosan&#8230;.<\/p>\n<\/div>\n<\/div><\/div>\n\n\n\n<div class=\"wp-block-uagb-container uagb-block-824c08c8 alignfull uagb-is-root-container\"><div class=\"uagb-container-inner-blocks-wrap\"><\/div><\/div>\n\n\n\n<div class=\"wp-block-uagb-container uagb-block-e23a0944 alignfull uagb-is-root-container\"><div class=\"uagb-container-inner-blocks-wrap\">\n<div class=\"wp-block-uagb-container uagb-block-9f57aa27\">\n<div class=\"wp-block-uagb-image aligncenter uagb-block-73ec45fa wp-block-uagb-image--layout-default wp-block-uagb-image--effect-static wp-block-uagb-image--align-center\"><figure class=\"wp-block-uagb-image__figure\"><img decoding=\"async\" srcset=\"https:\/\/europus-media.com\/wp-content\/uploads\/2025\/03\/Hang1-1024x683.jpg ,https:\/\/europus-media.com\/wp-content\/uploads\/2025\/03\/Hang1.jpg 780w, https:\/\/europus-media.com\/wp-content\/uploads\/2025\/03\/Hang1.jpg 360w\" sizes=\"auto, (max-width: 480px) 150px\" src=\"https:\/\/europus-media.com\/wp-content\/uploads\/2025\/03\/Hang1-1024x683.jpg\" alt=\"\" class=\"uag-image-2042\" width=\"142\" height=\"95\" title=\"Hang1\" loading=\"lazy\" role=\"img\"\/><\/figure><\/div>\n\n\n\n<div class=\"wp-block-uagb-info-box uagb-block-61b1be57 uagb-infobox__content-wrap  uagb-infobox-icon-left uagb-infobox-left uagb-infobox-stacked-mobile uagb-infobox-image-valign-top wp-block-uagb-info-box--has-margin\"><div class=\"uagb-infobox-margin-wrapper\"><div class=\"uagb-ifb-icon-wrap\"><svg xmlns=\"https:\/\/www.w3.org\/2000\/svg\" viewbox=\"0 0 640 512\"><path d=\"M623.1 136.9l-282.7-101.2c-13.73-4.91-28.7-4.91-42.43 0L16.05 136.9C6.438 140.4 0 149.6 0 160s6.438 19.65 16.05 23.09L76.07 204.6c-11.89 15.8-20.26 34.16-24.55 53.95C40.05 263.4 32 274.8 32 288c0 9.953 4.814 18.49 11.94 24.36l-24.83 149C17.48 471.1 25 480 34.89 480H93.11c9.887 0 17.41-8.879 15.78-18.63l-24.83-149C91.19 306.5 96 297.1 96 288c0-10.29-5.174-19.03-12.72-24.89c4.252-17.76 12.88-33.82 24.94-47.03l190.6 68.23c13.73 4.91 28.7 4.91 42.43 0l282.7-101.2C633.6 179.6 640 170.4 640 160S633.6 140.4 623.1 136.9zM351.1 314.4C341.7 318.1 330.9 320 320 320c-10.92 0-21.69-1.867-32-5.555L142.8 262.5L128 405.3C128 446.6 213.1 480 320 480c105.1 0 192-33.4 192-74.67l-14.78-142.9L351.1 314.4z\"><\/path><\/svg><\/div><div class=\"uagb-ifb-content\"><div class=\"uagb-ifb-title-wrap\"><h6 class=\"uagb-ifb-title\">Audiofil hangfelv\u00e9telek<\/h6><\/div><\/div><\/div><\/div>\n\n\n\n<div class=\"wp-block-uagb-advanced-heading uagb-block-0c505a54\"><\/div>\n\n\n\n<div class=\"wp-block-uagb-buttons uagb-buttons__outer-wrap uagb-btn__default-btn uagb-btn-tablet__default-btn uagb-btn-mobile__default-btn uagb-block-aa85adf5\"><div class=\"uagb-buttons__wrap uagb-buttons-layout-wrap\">\n<div class=\"wp-block-uagb-buttons-child uagb-buttons__outer-wrap uagb-block-1d76006a wp-block-button\"><div class=\"uagb-button__wrapper\"><a class=\"uagb-buttons-repeater wp-block-button__link\" aria-label=\"\" href=\"https:\/\/europus.hu\/en\/megrendeles\/\" rel=\"follow noopener\" target=\"_self\" role=\"button\"><div class=\"uagb-button__link\">V\u00c1S\u00c1RL\u00c1S<\/div><\/a><\/div><\/div>\n<\/div><\/div>\n<\/div>\n\n\n\n<div class=\"wp-block-uagb-container uagb-block-41f19f11\">\n<div class=\"wp-block-uagb-advanced-heading uagb-block-bb479830\"><h4 class=\"uagb-heading-text\">Hangfelv\u00e9tel 1.<\/h4><\/div>\n\n\n\n<div class=\"wp-block-uagb-advanced-heading uagb-block-e7e5b87d\"><h6 class=\"uagb-heading-text\">Szerz\u0151: <\/h6><\/div>\n\n\n\n<div class=\"wp-block-uagb-advanced-heading uagb-block-d77e361b\"><h6 class=\"uagb-heading-text\">\u00c1r:<\/h6><\/div>\n\n\n\n<div class=\"wp-block-uagb-advanced-heading uagb-block-977a8a08\"><h6 class=\"uagb-heading-text\">Fizet\u00e9si m\u00f3d:<\/h6><\/div>\n\n\n\n<div class=\"wp-block-uagb-advanced-heading uagb-block-bbcf55e8\"><h6 class=\"uagb-heading-text\">v\u00e1rhat\u00f3 sz\u00e1ll\u00edt\u00e1s:<\/h6><\/div>\n\n\n\n<p>Hamarosan&#8230;.<\/p>\n<\/div>\n\n\n\n<div class=\"wp-block-uagb-container uagb-block-06adabd9\">\n<div class=\"wp-block-uagb-advanced-heading uagb-block-a9a0d417\"><h4 class=\"uagb-heading-text\">Hangfelv\u00e9tel 2.<\/h4><\/div>\n\n\n\n<div class=\"wp-block-uagb-advanced-heading uagb-block-39a8a59c\"><h6 class=\"uagb-heading-text\">Szerz\u0151<\/h6><\/div>\n\n\n\n<div class=\"wp-block-uagb-advanced-heading uagb-block-3d352615\"><h6 class=\"uagb-heading-text\">\u00c1r:<\/h6><\/div>\n\n\n\n<div class=\"wp-block-uagb-advanced-heading uagb-block-78209368\"><h6 class=\"uagb-heading-text\">Fizet\u00e9si m\u00f3d:<\/h6><\/div>\n\n\n\n<div class=\"wp-block-uagb-advanced-heading uagb-block-d001465b\"><h6 class=\"uagb-heading-text\">v\u00e1rhat\u00f3 sz\u00e1ll\u00edt\u00e1s:<\/h6><\/div>\n\n\n\n<p>Hamarosan&#8230;.<\/p>\n<\/div>\n<\/div><\/div>\n<\/div>\n<\/div><\/div>\n\n\n\n<div class=\"wp-block-uagb-container uagb-block-d7548786 alignfull uagb-is-root-container\"><div class=\"uagb-container-inner-blocks-wrap\"><\/div><\/div>\n\n\n\n<p><\/p>","protected":false},"excerpt":{"rendered":"<p>Kishonti Istv\u00e1n: A hangt\u00e9r m\u0171v\u00e9szete Ez a k\u00f6nyv azokhoz sz\u00f3l, akik szeretn\u00e9k, hogy az elhalasztott hangok vil\u00e1ga ne legyen az elszalasztott hangok vil\u00e1ga. Szerz\u0151 Kishonti Istv\u00e1n \u00c1r: 15 000 Ft Fizet\u00e9si m\u00f3d: \u00c1tutal\u00e1s v\u00e1rhat\u00f3 sz\u00e1ll\u00edt\u00e1s: Hamarosan&#8230;. Hangfelv\u00e9tel 1. Szerz\u0151: \u00c1r: Fizet\u00e9si m\u00f3d: v\u00e1rhat\u00f3 sz\u00e1ll\u00edt\u00e1s: Hamarosan&#8230;. Hangfelv\u00e9tel 2. Szerz\u0151 \u00c1r: Fizet\u00e9si m\u00f3d: v\u00e1rhat\u00f3 sz\u00e1ll\u00edt\u00e1s: Hamarosan&#8230;.<\/p>","protected":false},"author":2,"featured_media":0,"parent":0,"menu_order":0,"comment_status":"closed","ping_status":"closed","template":"","meta":{"_uag_custom_page_level_css":"","site-sidebar-layout":"no-sidebar","site-content-layout":"page-builder","ast-site-content-layout":"full-width-container","site-content-style":"unboxed","site-sidebar-style":"unboxed","ast-global-header-display":"","ast-banner-title-visibility":"","ast-main-header-display":"","ast-hfb-above-header-display":"","ast-hfb-below-header-display":"","ast-hfb-mobile-header-display":"","site-post-title":"disabled","ast-breadcrumbs-content":"","ast-featured-img":"disabled","footer-sml-layout":"","theme-transparent-header-meta":"enabled","adv-header-id-meta":"","stick-header-meta":"","header-above-stick-meta":"","header-main-stick-meta":"","header-below-stick-meta":"","astra-migrate-meta-layouts":"set","ast-page-background-enabled":"default","ast-page-background-meta":{"desktop":{"background-color":"","background-image":"","background-repeat":"repeat","background-position":"center center","background-size":"auto","background-attachment":"scroll","background-type":"","background-media":"","overlay-type":"","overlay-color":"","overlay-opacity":"","overlay-gradient":""},"tablet":{"background-color":"","background-image":"","background-repeat":"repeat","background-position":"center center","background-size":"auto","background-attachment":"scroll","background-type":"","background-media":"","overlay-type":"","overlay-color":"","overlay-opacity":"","overlay-gradient":""},"mobile":{"background-color":"","background-image":"","background-repeat":"repeat","background-position":"center center","background-size":"auto","background-attachment":"scroll","background-type":"","background-media":"","overlay-type":"","overlay-color":"","overlay-opacity":"","overlay-gradient":""}},"ast-content-background-meta":{"desktop":{"background-color":"var(--ast-global-color-5)","background-image":"","background-repeat":"repeat","background-position":"center center","background-size":"auto","background-attachment":"scroll","background-type":"","background-media":"","overlay-type":"","overlay-color":"","overlay-opacity":"","overlay-gradient":""},"tablet":{"background-color":"var(--ast-global-color-5)","background-image":"","background-repeat":"repeat","background-position":"center center","background-size":"auto","background-attachment":"scroll","background-type":"","background-media":"","overlay-type":"","overlay-color":"","overlay-opacity":"","overlay-gradient":""},"mobile":{"background-color":"var(--ast-global-color-5)","background-image":"","background-repeat":"repeat","background-position":"center center","background-size":"auto","background-attachment":"scroll","background-type":"","background-media":"","overlay-type":"","overlay-color":"","overlay-opacity":"","overlay-gradient":""}},"footnotes":""},"class_list":["post-325","page","type-page","status-publish","hentry"],"uagb_featured_image_src":{"full":false,"thumbnail":false,"medium":false,"medium_large":false,"large":false,"1536x1536":false,"2048x2048":false,"trp-custom-language-flag":false},"uagb_author_info":{"display_name":"europu","author_link":"https:\/\/europus.hu\/en\/author\/europu\/"},"uagb_comment_info":0,"uagb_excerpt":"Kishonti Istv\u00e1n: A hangt\u00e9r m\u0171v\u00e9szete Ez a k\u00f6nyv azokhoz sz\u00f3l, akik szeretn\u00e9k, hogy az elhalasztott hangok vil\u00e1ga ne legyen az elszalasztott hangok vil\u00e1ga. Szerz\u0151 Kishonti Istv\u00e1n \u00c1r: 15 000 Ft Fizet\u00e9si m\u00f3d: \u00c1tutal\u00e1s v\u00e1rhat\u00f3 sz\u00e1ll\u00edt\u00e1s: Hamarosan&#8230;. Hangfelv\u00e9tel 1. Szerz\u0151: \u00c1r: Fizet\u00e9si m\u00f3d: v\u00e1rhat\u00f3 sz\u00e1ll\u00edt\u00e1s: Hamarosan&#8230;. Hangfelv\u00e9tel 2. Szerz\u0151 \u00c1r: Fizet\u00e9si m\u00f3d: v\u00e1rhat\u00f3 sz\u00e1ll\u00edt\u00e1s: Hamarosan&#8230;.","_links":{"self":[{"href":"https:\/\/europus.hu\/en\/wp-json\/wp\/v2\/pages\/325","targetHints":{"allow":["GET"]}}],"collection":[{"href":"https:\/\/europus.hu\/en\/wp-json\/wp\/v2\/pages"}],"about":[{"href":"https:\/\/europus.hu\/en\/wp-json\/wp\/v2\/types\/page"}],"author":[{"embeddable":true,"href":"https:\/\/europus.hu\/en\/wp-json\/wp\/v2\/users\/2"}],"replies":[{"embeddable":true,"href":"https:\/\/europus.hu\/en\/wp-json\/wp\/v2\/comments?post=325"}],"version-history":[{"count":26,"href":"https:\/\/europus.hu\/en\/wp-json\/wp\/v2\/pages\/325\/revisions"}],"predecessor-version":[{"id":3907,"href":"https:\/\/europus.hu\/en\/wp-json\/wp\/v2\/pages\/325\/revisions\/3907"}],"wp:attachment":[{"href":"https:\/\/europus.hu\/en\/wp-json\/wp\/v2\/media?parent=325"}],"curies":[{"name":"wp","href":"https:\/\/api.w.org\/{rel}","templated":true}]}}